{"id":26271,"date":"2026-04-05T19:16:45","date_gmt":"2026-04-05T23:16:45","guid":{"rendered":"https:\/\/academienour.org\/?page_id=26271"},"modified":"2026-04-16T02:09:22","modified_gmt":"2026-04-16T06:09:22","slug":"uniform","status":"publish","type":"page","link":"https:\/\/academienour.org\/fr\/uniform\/","title":{"rendered":"Uniforme"},"content":{"rendered":"<div class=\"wpb-content-wrapper\"><div class=\"vc_row-full-width-before\"><\/div><div id=\"vc_row-69e2d1dd027a2\" data-vc-full-width=\"true\" data-vc-full-width-init=\"false\" data-vc-stretch-content=\"true\" class=\"vc_row wpb_row vc_row-fluid vc_custom_1776319704488 thegem-custom-69e2d1dd027806733 vc_row-has-fill vc_row-o-full-height vc_row-o-columns-middle thegem-fix-full-height vc_row-o-equal-height vc_row-flex vc_row_thegem-ken-burns gem-vc-background-overlay-container\"><div class=\"thegem-ken-burns-bg thegem-ken-burns-zoom-out\" style=\"animation-duration: 20000ms; background-image: url(https:\/\/academienour.org\/wp-content\/uploads\/2025\/11\/academie-nour-activities-3.jpg)\"><\/div><script type=\"text\/javascript\">fullHeightRow();<\/script><script type=\"text\/javascript\">if (typeof(gem_fix_fullwidth_position) == \"function\") { gem_fix_fullwidth_position(document.getElementById(\"vc_row-69e2d1dd027a2\")); }<\/script><style>.thegem-custom-69e2d1dd027806733 .gem-vc-background-overlay {background-color: #00000094;}<\/style><div class=\"gem-vc-background-overlay\"><\/div><div class=\"wpb_column vc_column_container vc_col-sm-12 thegem-custom-69e2d1dd0353c9798\" ><div class=\"vc_column-inner thegem-custom-inner-69e2d1dd0353f\"><div class=\"wpb_wrapper thegem-custom-69e2d1dd0353c9798\"><div class=\"centered-box\"><div class=\"gem-icon gem-icon-pack-material gem-icon-size-xlarge angle-90deg gem-icon-shape-square gem-simple-icon\"  style=\"opacity: 1;\"><div class=\"gem-icon-inner\" style=\"\"><span class=\"gem-icon-half-1\" style=\"color: #ffffff;\"><span class=\"back-angle\">&#xf112;<\/span><\/span><span class=\"gem-icon-half-2\" style=\"color: #f8c413;\"><span class=\"back-angle\">&#xf112;<\/span><\/span><\/div><\/div><\/div><div class=\"clearboth\"><\/div><style>#thegem-divider-69e2d1dd0382a {margin-top: 26px !important;}<\/style><div id=\"thegem-divider-69e2d1dd0382a\" class=\"gem-divider\" style=\"\" ><\/div>\r\n\t\r\n\t\t<div class=\"wpb_text_column wpb_content_element  thegem-vc-text thegem-custom-69e2d1dd039745757\"  >\r\n\t\t\t<div class=\"wpb_wrapper\">\r\n\t\t\t\t<div class=\"title-h1\" style=\"text-align: center;\"><span style=\"color: #ffffff;\">Uniforme<\/span><\/div>\n\r\n\t\t\t<\/div>\r\n\t\t\t<style>@media screen and (max-width: 1023px) {.thegem-vc-text.thegem-custom-69e2d1dd039745757{display: block!important;}}@media screen and (max-width: 767px) {.thegem-vc-text.thegem-custom-69e2d1dd039745757{display: block!important;}}@media screen and (max-width: 1023px) {.thegem-vc-text.thegem-custom-69e2d1dd039745757{position: relative !important;}}@media screen and (max-width: 767px) {.thegem-vc-text.thegem-custom-69e2d1dd039745757{position: relative !important;}}<\/style>\r\n\t\t<\/div>\r\n\t\r\n<div class=\"clearboth\"><\/div><style>#thegem-divider-69e2d1dd03a30 {margin-top: 50px !important;}<\/style><div id=\"thegem-divider-69e2d1dd03a30\" class=\"gem-divider\" style=\"\" ><\/div><\/div><\/div><\/div><\/div><div class=\"vc_row-full-width vc_clearfix\"><\/div><div id=\"vc_row-69e2d1dd03c8b\" class=\"vc_row wpb_row vc_row-fluid thegem-custom-69e2d1dd03c7c6815\"><div class=\"wpb_column vc_column_container vc_col-sm-12 thegem-custom-69e2d1dd03e1d1941\" ><div class=\"vc_column-inner thegem-custom-inner-69e2d1dd03e1f\"><div class=\"wpb_wrapper thegem-custom-69e2d1dd03e1d1941\">\n\t<div class=\"wpb_raw_code wpb_raw_html wpb_content_element\" >\n\t\t<div class=\"wpb_wrapper\">\n\t\t\t<div style=\"font-family: 'Montserrat', sans-serif; max-width: 860px; margin: 0 auto; padding: 20px 0 60px;\">\r\n\r\n  <p style=\"font-size: 16px; line-height: 1.8; color: #333; margin-bottom: 32px;\">\r\n    \u00c0 l'Acad\u00e9mie Nour, nous promouvons l'\u00e9galit\u00e9 des chances et croyons que cela signifie l'\u00e9galit\u00e9 dans tous les domaines, y compris le port de l'uniforme. En d\u00e9veloppant chez les \u00e9l\u00e8ves un sentiment d'appartenance \u00e0 leur \u00e9cole et \u00e0 leurs camarades, l'uniforme scolaire renforce \u00e9galement l'esprit d'\u00e9quipe et facilite l'int\u00e9gration.\r\n  <\/p>\r\n\r\n  <div style=\"background-color: #18254D; border-radius: 10px; padding: 40px 48px; display: flex; align-items: center; justify-content: space-between; flex-wrap: wrap; gap: 24px;\">\r\n    <div>\r\n      <p style=\"color: #F8C413; font-size: 11px; font-weight: 700; letter-spacing: 2.5px; text-transform: uppercase; margin: 0 0 10px;\">Collection officielle<\/p>\r\n      <h3 style=\"color: #ffffff; font-size: 22px; font-weight: 700; margin: 0 0 8px; font-family: 'Montserrat', sans-serif;\">Uniformes 2026\u20132027<\/h3>\r\n      <p style=\"color: rgba(255,255,255,0.6); font-size: 14px; margin: 0; font-weight: 400;\">Consultez les fiches, gabarits et photos de la collection compl\u00e8te.<\/p>\r\n    <\/div>\r\n    <a href=\"https:\/\/drive.google.com\/drive\/folders\/1uJobYAY6h5HQucqwW3ctDioeGwuwAzzF?usp=sharing\"\r\n       target=\"_blank\"\r\n       rel=\"noopener noreferrer\"\r\n       style=\"display: inline-flex; align-items: center; gap: 10px; background-color: #F8C413; color: #18254D; font-family: 'Montserrat', sans-serif; font-weight: 700; font-size: 13px; text-decoration: none; padding: 14px 30px; border-radius: 6px; white-space: nowrap; letter-spacing: 0.8px; text-transform: uppercase;\">\r\n      <svg xmlns=\"http:\/\/www.w3.org\/2000\/svg\" width=\"17\" height=\"17\" viewbox=\"0 0 24 24\" fill=\"none\" stroke=\"currentColor\" stroke-width=\"2.5\" stroke-linecap=\"round\" stroke-linejoin=\"round\"><path d=\"M21 15v4a2 2 0 0 1-2 2H5a2 2 0 0 1-2-2v-4\"\/><polyline points=\"7 10 12 15 17 10\"\/><line x1=\"12\" y1=\"15\" x2=\"12\" y2=\"3\"\/><\/svg>\r\n      Voir la collection\r\n    <\/a>\r\n  <\/div>\r\n\r\n<\/div>\n\t\t<\/div>\n\t<\/div>\n<\/div><\/div><\/div><\/div>\n<\/div>","protected":false},"excerpt":{"rendered":"","protected":false},"author":2,"featured_media":0,"parent":0,"menu_order":0,"comment_status":"closed","ping_status":"closed","template":"","meta":{"footnotes":""},"class_list":["post-26271","page","type-page","status-publish"],"_links":{"self":[{"href":"https:\/\/academienour.org\/fr\/wp-json\/wp\/v2\/pages\/26271","targetHints":{"allow":["GET"]}}],"collection":[{"href":"https:\/\/academienour.org\/fr\/wp-json\/wp\/v2\/pages"}],"about":[{"href":"https:\/\/academienour.org\/fr\/wp-json\/wp\/v2\/types\/page"}],"author":[{"embeddable":true,"href":"https:\/\/academienour.org\/fr\/wp-json\/wp\/v2\/users\/2"}],"replies":[{"embeddable":true,"href":"https:\/\/academienour.org\/fr\/wp-json\/wp\/v2\/comments?post=26271"}],"version-history":[{"count":10,"href":"https:\/\/academienour.org\/fr\/wp-json\/wp\/v2\/pages\/26271\/revisions"}],"predecessor-version":[{"id":26287,"href":"https:\/\/academienour.org\/fr\/wp-json\/wp\/v2\/pages\/26271\/revisions\/26287"}],"wp:attachment":[{"href":"https:\/\/academienour.org\/fr\/wp-json\/wp\/v2\/media?parent=26271"}],"curies":[{"name":"wp","href":"https:\/\/api.w.org\/{rel}","templated":true}]}}