{"id":26069,"date":"2025-09-08T08:19:13","date_gmt":"2025-09-08T12:19:13","guid":{"rendered":"https:\/\/academienour.org\/?page_id=26069"},"modified":"2026-04-20T15:01:25","modified_gmt":"2026-04-20T19:01:25","slug":"extracurricular-activities","status":"publish","type":"page","link":"https:\/\/academienour.org\/fr\/extracurricular-activities\/","title":{"rendered":"Activit\u00e9s parascolaires"},"content":{"rendered":"<div class=\"wpb-content-wrapper\"><div class=\"vc_row-full-width-before\"><\/div><div id=\"vc_row-69fde5e5d2179\" data-vc-full-width=\"true\" data-vc-full-width-init=\"false\" data-vc-stretch-content=\"true\" class=\"vc_row wpb_row vc_row-fluid vc_custom_1776321018344 thegem-custom-69fde5e5d21528759 vc_row-has-fill vc_row-o-full-height vc_row-o-columns-middle thegem-fix-full-height vc_row-o-equal-height vc_row-flex vc_row_thegem-ken-burns gem-vc-background-overlay-container\"><div class=\"thegem-ken-burns-bg thegem-ken-burns-zoom-out\" style=\"animation-duration: 20000ms; background-image: url(https:\/\/academienour.org\/wp-content\/uploads\/2025\/11\/academie-nour-activities-2.jpg)\"><\/div><script type=\"text\/javascript\">fullHeightRow();<\/script><script type=\"text\/javascript\">if (typeof(gem_fix_fullwidth_position) == \"function\") { gem_fix_fullwidth_position(document.getElementById(\"vc_row-69fde5e5d2179\")); }<\/script><style>.thegem-custom-69fde5e5d21528759 .gem-vc-background-overlay {background-color: #00000094;}<\/style><div class=\"gem-vc-background-overlay\"><\/div><div class=\"wpb_column vc_column_container vc_col-sm-12 thegem-custom-69fde5e5dd5106055\" ><div class=\"vc_column-inner thegem-custom-inner-69fde5e5dd514\"><div class=\"wpb_wrapper thegem-custom-69fde5e5dd5106055\"><div class=\"centered-box\"><div class=\"gem-icon gem-icon-pack-material gem-icon-size-xlarge angle-90deg gem-icon-shape-square gem-simple-icon\"  style=\"opacity: 1;\"><div class=\"gem-icon-inner\" style=\"\"><span class=\"gem-icon-half-1\" style=\"color: #ffffff;\"><span class=\"back-angle\">&#xf29e;<\/span><\/span><span class=\"gem-icon-half-2\" style=\"color: #f8c413;\"><span class=\"back-angle\">&#xf29e;<\/span><\/span><\/div><\/div><\/div><div class=\"clearboth\"><\/div><style>#thegem-divider-69fde5e5dd7b2 {margin-top: 26px !important;}<\/style><div id=\"thegem-divider-69fde5e5dd7b2\" class=\"gem-divider\" style=\"\" ><\/div>\r\n\t\r\n\t\t<div class=\"wpb_text_column wpb_content_element  thegem-vc-text thegem-custom-69fde5e5dd8fb1945\"  >\r\n\t\t\t<div class=\"wpb_wrapper\">\r\n\t\t\t\t<div class=\"title-h1\" style=\"text-align: center;\"><span style=\"color: #ffffff;\">Activit\u00e9s parascolaires<\/span><\/div>\n\r\n\t\t\t<\/div>\r\n\t\t\t<style>@media screen and (max-width: 1023px) {.thegem-vc-text.thegem-custom-69fde5e5dd8fb1945{display: block!important;}}@media screen and (max-width: 767px) {.thegem-vc-text.thegem-custom-69fde5e5dd8fb1945{display: block!important;}}@media screen and (max-width: 1023px) {.thegem-vc-text.thegem-custom-69fde5e5dd8fb1945{position: relative !important;}}@media screen and (max-width: 767px) {.thegem-vc-text.thegem-custom-69fde5e5dd8fb1945{position: relative !important;}}<\/style>\r\n\t\t<\/div>\r\n\t\r\n<div class=\"clearboth\"><\/div><style>#thegem-divider-69fde5e5dd9bf {margin-top: 50px !important;}<\/style><div id=\"thegem-divider-69fde5e5dd9bf\" class=\"gem-divider\" style=\"\" ><\/div><\/div><\/div><\/div><\/div><div class=\"vc_row-full-width vc_clearfix\"><\/div><div id=\"vc_row-69fde5e5ddc26\" class=\"vc_row wpb_row vc_row-fluid thegem-custom-69fde5e5ddc141601\"><div class=\"wpb_column vc_column_container vc_col-sm-12 thegem-custom-69fde5e5dde8c5745\" ><div class=\"vc_column-inner thegem-custom-inner-69fde5e5dde8f\"><div class=\"wpb_wrapper thegem-custom-69fde5e5dde8c5745\">\n\t<div class=\"wpb_raw_code wpb_raw_html wpb_content_element\" >\n\t\t<div class=\"wpb_wrapper\">\n\t\t\t<style>\r\n@media (max-width: 640px) {\r\n  .nour-activities { grid-template-columns: repeat(2, 1fr) !important; }\r\n  .nour-benefits { grid-template-columns: 1fr !important; }\r\n}\r\n<\/style>\r\n\r\n<div style=\"font-family: 'Montserrat', sans-serif; max-width: 860px; margin: 0 auto; padding: 20px 0 60px;\">\r\n\r\n  <p style=\"font-size: 15px; line-height: 1.9; color: #444; margin-bottom: 48px;\">\r\n    \u00c0 l'Acad\u00e9mie Nour, les apprentissages se prolongent au-del\u00e0 de la classe gr\u00e2ce \u00e0 une offre d'activit\u00e9s parascolaires riche et diversifi\u00e9e. Ces activit\u00e9s permettent aux \u00e9l\u00e8ves de d\u00e9velopper leurs talents, d'explorer de nouveaux int\u00e9r\u00eats et de s'\u00e9panouir pleinement dans un environnement encadr\u00e9, bienveillant et stimulant.\r\n  <\/p>\r\n\r\n  <p style=\"color: #F8C413; font-size: 11px; font-weight: 700; letter-spacing: 2.5px; text-transform: uppercase; margin: 0 0 8px;\">Une programmation vari\u00e9e et \u00e9quilibr\u00e9e<\/p>\r\n  <p style=\"color: #18254D; font-size: 20px; font-weight: 700; margin: 0 0 8px;\">Nos activit\u00e9s<\/p>\r\n  <p style=\"color: #666; font-size: 14px; line-height: 1.8; margin: 0 0 24px;\">Tout au long de l'ann\u00e9e, diff\u00e9rentes activit\u00e9s sont propos\u00e9es afin de r\u00e9pondre aux int\u00e9r\u00eats et aux besoins des \u00e9l\u00e8ves.<\/p>\r\n\r\n  <div class=\"nour-activities\" style=\"display: grid; grid-template-columns: repeat(3, 1fr); gap: 12px; margin-bottom: 16px;\">\r\n\r\n    <div style=\"background: #f5f7fa; border-radius: 10px; padding: 18px 20px; display: flex; align-items: center; gap: 14px;\">\r\n      <div style=\"width: 36px; height: 36px; border-radius: 50%; background: #18254D; display: flex; align-items: center; justify-content: center; flex-shrink: 0;\">\r\n        <svg xmlns=\"http:\/\/www.w3.org\/2000\/svg\" width=\"16\" height=\"16\" viewbox=\"0 0 24 24\" fill=\"none\" stroke=\"#F8C413\" stroke-width=\"2\" stroke-linecap=\"round\" stroke-linejoin=\"round\"><rect x=\"2\" y=\"7\" width=\"20\" height=\"14\" rx=\"2\"\/><path d=\"M16 7V5a2 2 0 0 0-2-2h-4a2 2 0 0 0-2 2v2\"\/><line x1=\"12\" y1=\"12\" x2=\"12\" y2=\"16\"\/><line x1=\"10\" y1=\"14\" x2=\"14\" y2=\"14\"\/><\/svg>\r\n      <\/div>\r\n      <span style=\"color: #18254D; font-size: 13px; font-weight: 600;\">Robotique<\/span>\r\n    <\/div>\r\n\r\n    <div style=\"background: #f5f7fa; border-radius: 10px; padding: 18px 20px; display: flex; align-items: center; gap: 14px;\">\r\n      <div style=\"width: 36px; height: 36px; border-radius: 50%; background: #18254D; display: flex; align-items: center; justify-content: center; flex-shrink: 0;\">\r\n        <svg xmlns=\"http:\/\/www.w3.org\/2000\/svg\" width=\"16\" height=\"16\" viewbox=\"0 0 24 24\" fill=\"none\" stroke=\"#F8C413\" stroke-width=\"2\" stroke-linecap=\"round\" stroke-linejoin=\"round\"><path d=\"M12 2L2 7l10 5 10-5-10-5z\"\/><path d=\"M2 17l10 5 10-5\"\/><path d=\"M2 12l10 5 10-5\"\/><\/svg>\r\n      <\/div>\r\n      <span style=\"color: #18254D; font-size: 13px; font-weight: 600;\">\u00c9checs<\/span>\r\n    <\/div>\r\n\r\n    <div style=\"background: #f5f7fa; border-radius: 10px; padding: 18px 20px; display: flex; align-items: center; gap: 14px;\">\r\n      <div style=\"width: 36px; height: 36px; border-radius: 50%; background: #18254D; display: flex; align-items: center; justify-content: center; flex-shrink: 0;\">\r\n        <svg xmlns=\"http:\/\/www.w3.org\/2000\/svg\" width=\"16\" height=\"16\" viewbox=\"0 0 24 24\" fill=\"none\" stroke=\"#F8C413\" stroke-width=\"2\" stroke-linecap=\"round\" stroke-linejoin=\"round\"><circle cx=\"12\" cy=\"12\" r=\"10\"\/><line x1=\"2\" y1=\"12\" x2=\"22\" y2=\"12\"\/><path d=\"M12 2a15.3 15.3 0 0 1 4 10 15.3 15.3 0 0 1-4 10 15.3 15.3 0 0 1-4-10 15.3 15.3 0 0 1 4-10z\"\/><\/svg>\r\n      <\/div>\r\n      <span style=\"color: #18254D; font-size: 13px; font-weight: 600;\">Sciences et d\u00e9couvertes<\/span>\r\n    <\/div>\r\n\r\n    <div style=\"background: #f5f7fa; border-radius: 10px; padding: 18px 20px; display: flex; align-items: center; gap: 14px;\">\r\n      <div style=\"width: 36px; height: 36px; border-radius: 50%; background: #18254D; display: flex; align-items: center; justify-content: center; flex-shrink: 0;\">\r\n        <svg xmlns=\"http:\/\/www.w3.org\/2000\/svg\" width=\"16\" height=\"16\" viewbox=\"0 0 24 24\" fill=\"none\" stroke=\"#F8C413\" stroke-width=\"2\" stroke-linecap=\"round\" stroke-linejoin=\"round\"><path d=\"M12 19l7-7 3 3-7 7-3-3z\"\/><path d=\"M18 13l-1.5-7.5L2 2l3.5 14.5L13 18l5-5z\"\/><path d=\"M2 2l7.586 7.586\"\/><circle cx=\"11\" cy=\"11\" r=\"2\"\/><\/svg>\r\n      <\/div>\r\n      <span style=\"color: #18254D; font-size: 13px; font-weight: 600;\">Peinture et arts cr\u00e9atifs<\/span>\r\n    <\/div>\r\n\r\n    <div style=\"background: #f5f7fa; border-radius: 10px; padding: 18px 20px; display: flex; align-items: center; gap: 14px;\">\r\n      <div style=\"width: 36px; height: 36px; border-radius: 50%; background: #18254D; display: flex; align-items: center; justify-content: center; flex-shrink: 0;\">\r\n        <svg xmlns=\"http:\/\/www.w3.org\/2000\/svg\" width=\"16\" height=\"16\" viewbox=\"0 0 24 24\" fill=\"none\" stroke=\"#F8C413\" stroke-width=\"2\" stroke-linecap=\"round\" stroke-linejoin=\"round\"><path d=\"M18 8h1a4 4 0 0 1 0 8h-1\"\/><path d=\"M2 8h16v9a4 4 0 0 1-4 4H6a4 4 0 0 1-4-4V8z\"\/><line x1=\"6\" y1=\"1\" x2=\"6\" y2=\"4\"\/><line x1=\"10\" y1=\"1\" x2=\"10\" y2=\"4\"\/><line x1=\"14\" y1=\"1\" x2=\"14\" y2=\"4\"\/><\/svg>\r\n      <\/div>\r\n      <span style=\"color: #18254D; font-size: 13px; font-weight: 600;\">Taekwondo<\/span>\r\n    <\/div>\r\n\r\n    <div style=\"background: #f5f7fa; border-radius: 10px; padding: 18px 20px; display: flex; align-items: center; gap: 14px;\">\r\n      <div style=\"width: 36px; height: 36px; border-radius: 50%; background: #18254D; display: flex; align-items: center; justify-content: center; flex-shrink: 0;\">\r\n        <svg xmlns=\"http:\/\/www.w3.org\/2000\/svg\" width=\"16\" height=\"16\" viewbox=\"0 0 24 24\" fill=\"none\" stroke=\"#F8C413\" stroke-width=\"2\" stroke-linecap=\"round\" stroke-linejoin=\"round\"><circle cx=\"12\" cy=\"12\" r=\"10\"\/><path d=\"M12 8v8\"\/><path d=\"M8.5 9.5l7 5\"\/><path d=\"M15.5 9.5l-7 5\"\/><\/svg>\r\n      <\/div>\r\n      <span style=\"color: #18254D; font-size: 13px; font-weight: 600;\">Soccer<\/span>\r\n    <\/div>\r\n\r\n    <div style=\"background: #f5f7fa; border-radius: 10px; padding: 18px 20px; display: flex; align-items: center; gap: 14px;\">\r\n      <div style=\"width: 36px; height: 36px; border-radius: 50%; background: #18254D; display: flex; align-items: center; justify-content: center; flex-shrink: 0;\">\r\n        <svg xmlns=\"http:\/\/www.w3.org\/2000\/svg\" width=\"16\" height=\"16\" viewbox=\"0 0 24 24\" fill=\"none\" stroke=\"#F8C413\" stroke-width=\"2\" stroke-linecap=\"round\" stroke-linejoin=\"round\"><path d=\"M2 3h6a4 4 0 0 1 4 4v14a3 3 0 0 0-3-3H2z\"\/><path d=\"M22 3h-6a4 4 0 0 0-4 4v14a3 3 0 0 1 3-3h7z\"\/><\/svg>\r\n      <\/div>\r\n      <span style=\"color: #18254D; font-size: 13px; font-weight: 600;\">Aide aux devoirs<\/span>\r\n    <\/div>\r\n\r\n    <div style=\"background: #f5f7fa; border-radius: 10px; padding: 18px 20px; display: flex; align-items: center; gap: 14px;\">\r\n      <div style=\"width: 36px; height: 36px; border-radius: 50%; background: #18254D; display: flex; align-items: center; justify-content: center; flex-shrink: 0;\">\r\n        <svg xmlns=\"http:\/\/www.w3.org\/2000\/svg\" width=\"16\" height=\"16\" viewbox=\"0 0 24 24\" fill=\"none\" stroke=\"#F8C413\" stroke-width=\"2\" stroke-linecap=\"round\" stroke-linejoin=\"round\"><path d=\"M4 19.5A2.5 2.5 0 0 1 6.5 17H20\"\/><path d=\"M6.5 2H20v20H6.5A2.5 2.5 0 0 1 4 19.5v-15A2.5 2.5 0 0 1 6.5 2z\"\/><\/svg>\r\n      <\/div>\r\n      <span style=\"color: #18254D; font-size: 13px; font-weight: 600;\">Coran<\/span>\r\n    <\/div>\r\n\r\n    <div style=\"background: #f5f7fa; border-radius: 10px; padding: 18px 20px; display: flex; align-items: center; gap: 14px;\">\r\n      <div style=\"width: 36px; height: 36px; border-radius: 50%; background: #18254D; display: flex; align-items: center; justify-content: center; flex-shrink: 0;\">\r\n        <svg xmlns=\"http:\/\/www.w3.org\/2000\/svg\" width=\"16\" height=\"16\" viewbox=\"0 0 24 24\" fill=\"none\" stroke=\"#F8C413\" stroke-width=\"2\" stroke-linecap=\"round\" stroke-linejoin=\"round\"><path d=\"M9 18V5l12-2v13\"\/><circle cx=\"6\" cy=\"18\" r=\"3\"\/><circle cx=\"18\" cy=\"16\" r=\"3\"\/><\/svg>\r\n      <\/div>\r\n      <span style=\"color: #18254D; font-size: 13px; font-weight: 600;\">Chorale<\/span>\r\n    <\/div>\r\n\r\n  <\/div>\r\n\r\n  <p style=\"color: #888; font-size: 13px; line-height: 1.7; margin: 0 0 48px;\">Chaque activit\u00e9 est con\u00e7ue pour favoriser le d\u00e9veloppement global de l'enfant, tant sur le plan intellectuel, social, physique que spirituel.<\/p>\r\n\r\n  <p style=\"color: #F8C413; font-size: 11px; font-weight: 700; letter-spacing: 2.5px; text-transform: uppercase; margin: 0 0 8px;\">Un compl\u00e9ment essentiel \u00e0 la r\u00e9ussite<\/p>\r\n  <p style=\"color: #18254D; font-size: 20px; font-weight: 700; margin: 0 0 20px;\">Ce que nos activit\u00e9s d\u00e9veloppent<\/p>\r\n\r\n  <div class=\"nour-benefits\" style=\"display: grid; grid-template-columns: repeat(2, 1fr); gap: 12px; margin-bottom: 48px;\">\r\n\r\n    <div style=\"background: #f5f7fa; border-radius: 10px; padding: 20px 24px; display: flex; align-items: flex-start; gap: 14px;\">\r\n      <div style=\"width: 8px; height: 8px; border-radius: 50%; background: #F8C413; flex-shrink: 0; margin-top: 5px;\"><\/div>\r\n      <p style=\"color: #18254D; font-size: 13px; font-weight: 600; line-height: 1.6; margin: 0;\">La confiance en soi et l'autonomie<\/p>\r\n    <\/div>\r\n\r\n    <div style=\"background: #f5f7fa; border-radius: 10px; padding: 20px 24px; display: flex; align-items: flex-start; gap: 14px;\">\r\n      <div style=\"width: 8px; height: 8px; border-radius: 50%; background: #F8C413; flex-shrink: 0; margin-top: 5px;\"><\/div>\r\n      <p style=\"color: #18254D; font-size: 13px; font-weight: 600; line-height: 1.6; margin: 0;\">La pers\u00e9v\u00e9rance et le sens des responsabilit\u00e9s<\/p>\r\n    <\/div>\r\n\r\n    <div style=\"background: #f5f7fa; border-radius: 10px; padding: 20px 24px; display: flex; align-items: flex-start; gap: 14px;\">\r\n      <div style=\"width: 8px; height: 8px; border-radius: 50%; background: #F8C413; flex-shrink: 0; margin-top: 5px;\"><\/div>\r\n      <p style=\"color: #18254D; font-size: 13px; font-weight: 600; line-height: 1.6; margin: 0;\">Les habilet\u00e9s sociales et le travail d'\u00e9quipe<\/p>\r\n    <\/div>\r\n\r\n    <div style=\"background: #f5f7fa; border-radius: 10px; padding: 20px 24px; display: flex; align-items: flex-start; gap: 14px;\">\r\n      <div style=\"width: 8px; height: 8px; border-radius: 50%; background: #F8C413; flex-shrink: 0; margin-top: 5px;\"><\/div>\r\n      <p style=\"color: #18254D; font-size: 13px; font-weight: 600; line-height: 1.6; margin: 0;\">Un \u00e9quilibre entre apprentissages acad\u00e9miques et activit\u00e9s enrichissantes<\/p>\r\n    <\/div>\r\n\r\n  <\/div>\r\n\r\n  <div style=\"background: #18254D; border-radius: 10px; padding: 32px 40px; margin-bottom: 16px;\">\r\n    <p style=\"color: #F8C413; font-size: 11px; font-weight: 700; letter-spacing: 2px; text-transform: uppercase; margin: 0 0 8px;\">Organisation des activit\u00e9s<\/p>\r\n    <p style=\"color: rgba(255,255,255,0.8); font-size: 14px; line-height: 1.8; margin: 0 0 12px;\">Les activit\u00e9s sont offertes \u00e0 diff\u00e9rents moments de la journ\u00e9e, notamment \u00e0 l'heure du d\u00eener et apr\u00e8s les heures de classe. Elles sont encadr\u00e9es par des intervenants qualifi\u00e9s, dans un cadre structur\u00e9 et s\u00e9curitaire.<\/p>\r\n    <p style=\"color: rgba(255,255,255,0.8); font-size: 14px; line-height: 1.8; margin: 0;\">Les inscriptions se font par session et <strong style=\"color: #fff;\">toutes les activit\u00e9s comportent des frais<\/strong>. Les places \u00e9tant limit\u00e9es, il est recommand\u00e9 de s'inscrire rapidement lors de l'ouverture des inscriptions.<\/p>\r\n  <\/div>\r\n\r\n  <a href=\"https:\/\/drive.google.com\/drive\/folders\/1iUXY-9WrF4iedQ0xyTFHr3VZli7-IBLo?usp=sharing\"\r\n     target=\"_blank\"\r\n     rel=\"noopener noreferrer\"\r\n     style=\"display: flex; align-items: center; justify-content: space-between; background: #F8C413; border-radius: 10px; padding: 24px 32px; text-decoration: none;\">\r\n    <div>\r\n      <p style=\"color: #18254D; font-size: 11px; font-weight: 700; letter-spacing: 2px; text-transform: uppercase; margin: 0 0 4px;\">Session printemps 2026<\/p>\r\n      <p style=\"color: #18254D; font-size: 16px; font-weight: 700; margin: 0;\">Voir la programmation compl\u00e8te et les modalit\u00e9s d'inscription<\/p>\r\n    <\/div>\r\n    <svg xmlns=\"http:\/\/www.w3.org\/2000\/svg\" width=\"22\" height=\"22\" viewbox=\"0 0 24 24\" fill=\"none\" stroke=\"#18254D\" stroke-width=\"2.5\" stroke-linecap=\"round\" stroke-linejoin=\"round\" style=\"flex-shrink:0; margin-left: 16px;\"><path d=\"M18 13v6a2 2 0 0 1-2 2H5a2 2 0 0 1-2-2V8a2 2 0 0 1 2-2h6\"\/><polyline points=\"15 3 21 3 21 9\"\/><line x1=\"10\" y1=\"14\" x2=\"21\" y2=\"3\"\/><\/svg>\r\n  <\/a>\r\n\r\n<\/div>\n\t\t<\/div>\n\t<\/div>\n<\/div><\/div><\/div><\/div>\n<\/div>","protected":false},"excerpt":{"rendered":"","protected":false},"author":2,"featured_media":0,"parent":0,"menu_order":0,"comment_status":"closed","ping_status":"closed","template":"","meta":{"footnotes":""},"class_list":["post-26069","page","type-page","status-publish"],"_links":{"self":[{"href":"https:\/\/academienour.org\/fr\/wp-json\/wp\/v2\/pages\/26069","targetHints":{"allow":["GET"]}}],"collection":[{"href":"https:\/\/academienour.org\/fr\/wp-json\/wp\/v2\/pages"}],"about":[{"href":"https:\/\/academienour.org\/fr\/wp-json\/wp\/v2\/types\/page"}],"author":[{"embeddable":true,"href":"https:\/\/academienour.org\/fr\/wp-json\/wp\/v2\/users\/2"}],"replies":[{"embeddable":true,"href":"https:\/\/academienour.org\/fr\/wp-json\/wp\/v2\/comments?post=26069"}],"version-history":[{"count":9,"href":"https:\/\/academienour.org\/fr\/wp-json\/wp\/v2\/pages\/26069\/revisions"}],"predecessor-version":[{"id":26305,"href":"https:\/\/academienour.org\/fr\/wp-json\/wp\/v2\/pages\/26069\/revisions\/26305"}],"wp:attachment":[{"href":"https:\/\/academienour.org\/fr\/wp-json\/wp\/v2\/media?parent=26069"}],"curies":[{"name":"wp","href":"https:\/\/api.w.org\/{rel}","templated":true}]}}