{"id":26005,"date":"2025-05-18T17:54:05","date_gmt":"2025-05-18T21:54:05","guid":{"rendered":"https:\/\/academienour.org\/?page_id=26005"},"modified":"2026-04-16T02:17:39","modified_gmt":"2026-04-16T06:17:39","slug":"uniform-and-school-supplies","status":"publish","type":"page","link":"https:\/\/academienour.org\/fr\/uniform-and-school-supplies\/","title":{"rendered":"Fournitures scolaires"},"content":{"rendered":"<div class=\"wpb-content-wrapper\"><div class=\"vc_row-full-width-before\"><\/div><div id=\"vc_row-69fde59b3aae9\" data-vc-full-width=\"true\" data-vc-full-width-init=\"false\" data-vc-stretch-content=\"true\" class=\"vc_row wpb_row vc_row-fluid vc_custom_1776319704488 thegem-custom-69fde59b3aac11309 vc_row-has-fill vc_row-o-full-height vc_row-o-columns-middle thegem-fix-full-height vc_row-o-equal-height vc_row-flex vc_row_thegem-ken-burns gem-vc-background-overlay-container\"><div class=\"thegem-ken-burns-bg thegem-ken-burns-zoom-out\" style=\"animation-duration: 20000ms; background-image: url(https:\/\/academienour.org\/wp-content\/uploads\/2025\/11\/academie-nour-activities-3.jpg)\"><\/div><script type=\"text\/javascript\">fullHeightRow();<\/script><script type=\"text\/javascript\">if (typeof(gem_fix_fullwidth_position) == \"function\") { gem_fix_fullwidth_position(document.getElementById(\"vc_row-69fde59b3aae9\")); }<\/script><style>.thegem-custom-69fde59b3aac11309 .gem-vc-background-overlay {background-color: #00000094;}<\/style><div class=\"gem-vc-background-overlay\"><\/div><div class=\"wpb_column vc_column_container vc_col-sm-12 thegem-custom-69fde59b3b6565822\" ><div class=\"vc_column-inner thegem-custom-inner-69fde59b3b659\"><div class=\"wpb_wrapper thegem-custom-69fde59b3b6565822\"><div class=\"centered-box\"><div class=\"gem-icon gem-icon-pack-elegant gem-icon-size-xlarge angle-90deg gem-icon-shape-square gem-simple-icon\"  style=\"opacity: 1;\"><div class=\"gem-icon-inner\" style=\"\"><span class=\"gem-icon-half-1\" style=\"color: #ffffff;\"><span class=\"back-angle\">&#xe0db;<\/span><\/span><span class=\"gem-icon-half-2\" style=\"color: #f8c413;\"><span class=\"back-angle\">&#xe0db;<\/span><\/span><\/div><\/div><\/div><div class=\"clearboth\"><\/div><style>#thegem-divider-69fde59b49fff {margin-top: 26px !important;}<\/style><div id=\"thegem-divider-69fde59b49fff\" class=\"gem-divider\" style=\"\" ><\/div>\r\n\t\r\n\t\t<div class=\"wpb_text_column wpb_content_element  thegem-vc-text thegem-custom-69fde59b4a1dd8005\"  >\r\n\t\t\t<div class=\"wpb_wrapper\">\r\n\t\t\t\t<div class=\"title-h1\" style=\"text-align: center;\"><span style=\"color: #ffffff;\">Fournitures scolaires<\/span><\/div>\n\r\n\t\t\t<\/div>\r\n\t\t\t<style>@media screen and (max-width: 1023px) {.thegem-vc-text.thegem-custom-69fde59b4a1dd8005{display: block!important;}}@media screen and (max-width: 767px) {.thegem-vc-text.thegem-custom-69fde59b4a1dd8005{display: block!important;}}@media screen and (max-width: 1023px) {.thegem-vc-text.thegem-custom-69fde59b4a1dd8005{position: relative !important;}}@media screen and (max-width: 767px) {.thegem-vc-text.thegem-custom-69fde59b4a1dd8005{position: relative !important;}}<\/style>\r\n\t\t<\/div>\r\n\t\r\n<div class=\"clearboth\"><\/div><style>#thegem-divider-69fde59b4a2e0 {margin-top: 50px !important;}<\/style><div id=\"thegem-divider-69fde59b4a2e0\" class=\"gem-divider\" style=\"\" ><\/div><\/div><\/div><\/div><\/div><div class=\"vc_row-full-width vc_clearfix\"><\/div><div id=\"vc_row-69fde59b4a597\" class=\"vc_row wpb_row vc_row-fluid thegem-custom-69fde59b4a5811540\"><div class=\"wpb_column vc_column_container vc_col-sm-12 thegem-custom-69fde59b4a7bc2263\" ><div class=\"vc_column-inner thegem-custom-inner-69fde59b4a7bf\"><div class=\"wpb_wrapper thegem-custom-69fde59b4a7bc2263\">\n\t<div class=\"wpb_raw_code wpb_raw_html wpb_content_element\" >\n\t\t<div class=\"wpb_wrapper\">\n\t\t\t<style>\r\n@media (max-width: 640px) {\r\n  .nour-steps { grid-template-columns: 1fr !important; }\r\n}\r\n<\/style>\r\n\r\n<div style=\"font-family: 'Montserrat', sans-serif; max-width: 860px; margin: 0 auto; padding: 20px 0 60px;\">\r\n\r\n  <p style=\"font-size: 15px; line-height: 1.9; color: #444; margin-bottom: 40px;\">\r\n    Les manuels scolaires, les cahiers d'exercices et les fournitures scolaires des \u00e9l\u00e8ves sont disponibles \u00e0 la librairie de l'\u00e9cole sur magasin scolaire.\r\n  <\/p>\r\n\r\n  <div class=\"nour-steps\" style=\"display: grid; grid-template-columns: repeat(3, 1fr); gap: 16px; margin-bottom: 32px;\">\r\n\r\n    <div style=\"background: #f5f7fa; border-radius: 10px; padding: 28px 24px;\">\r\n      <div style=\"width: 40px; height: 40px; border-radius: 50%; background: #18254D; display: flex; align-items: center; justify-content: center; margin-bottom: 16px;\">\r\n        <span style=\"color: #F8C413; font-weight: 700; font-size: 15px;\">1<\/span>\r\n      <\/div>\r\n      <p style=\"color: #18254D; font-size: 14px; font-weight: 600; margin: 0 0 6px;\">Visitez le site<\/p>\r\n      <p style=\"color: #666; font-size: 13px; line-height: 1.7; margin: 0;\">Allez sur le site web du magasin scolaire.<\/p>\r\n    <\/div>\r\n\r\n    <div style=\"background: #f5f7fa; border-radius: 10px; padding: 28px 24px;\">\r\n      <div style=\"width: 40px; height: 40px; border-radius: 50%; background: #18254D; display: flex; align-items: center; justify-content: center; margin-bottom: 16px;\">\r\n        <span style=\"color: #F8C413; font-weight: 700; font-size: 15px;\">2<\/span>\r\n      <\/div>\r\n      <p style=\"color: #18254D; font-size: 14px; font-weight: 600; margin: 0 0 6px;\">Choisissez le niveau<\/p>\r\n      <p style=\"color: #666; font-size: 13px; line-height: 1.7; margin: 0;\">S\u00e9lectionnez le niveau scolaire de votre enfant.<\/p>\r\n    <\/div>\r\n\r\n    <div style=\"background: #f5f7fa; border-radius: 10px; padding: 28px 24px;\">\r\n      <div style=\"width: 40px; height: 40px; border-radius: 50%; background: #18254D; display: flex; align-items: center; justify-content: center; margin-bottom: 16px;\">\r\n        <span style=\"color: #F8C413; font-weight: 700; font-size: 15px;\">3<\/span>\r\n      <\/div>\r\n      <p style=\"color: #18254D; font-size: 14px; font-weight: 600; margin: 0 0 6px;\">Passez votre commande<\/p>\r\n      <p style=\"color: #666; font-size: 13px; line-height: 1.7; margin: 0;\">Inscrivez-vous ou connectez-vous pour finaliser votre commande.<\/p>\r\n    <\/div>\r\n\r\n  <\/div>\r\n\r\n  <a href=\"https:\/\/www.magasinscolaire.com\/shop\/login\/acadmie-nour\"\r\n     target=\"_blank\"\r\n     rel=\"noopener noreferrer\"\r\n     style=\"display: flex; align-items: center; justify-content: space-between; background: #18254D; border-radius: 10px; padding: 24px 32px; text-decoration: none;\">\r\n    <div>\r\n      <p style=\"color: #F8C413; font-size: 11px; font-weight: 700; letter-spacing: 2px; text-transform: uppercase; margin: 0 0 4px;\">Pr\u00eat \u00e0 commander ?<\/p>\r\n      <p style=\"color: #fff; font-size: 16px; font-weight: 700; margin: 0;\">Acc\u00e9der au Magasin Scolaire<\/p>\r\n    <\/div>\r\n    <svg xmlns=\"http:\/\/www.w3.org\/2000\/svg\" width=\"22\" height=\"22\" viewbox=\"0 0 24 24\" fill=\"none\" stroke=\"#F8C413\" stroke-width=\"2.5\" stroke-linecap=\"round\" stroke-linejoin=\"round\" style=\"flex-shrink:0;\"><path d=\"M18 13v6a2 2 0 0 1-2 2H5a2 2 0 0 1-2-2V8a2 2 0 0 1 2-2h6\"\/><polyline points=\"15 3 21 3 21 9\"\/><line x1=\"10\" y1=\"14\" x2=\"21\" y2=\"3\"\/><\/svg>\r\n  <\/a>\r\n\r\n<\/div>\n\t\t<\/div>\n\t<\/div>\n<\/div><\/div><\/div><\/div>\n<\/div>","protected":false},"excerpt":{"rendered":"","protected":false},"author":2,"featured_media":0,"parent":0,"menu_order":0,"comment_status":"closed","ping_status":"closed","template":"","meta":{"footnotes":""},"class_list":["post-26005","page","type-page","status-publish"],"_links":{"self":[{"href":"https:\/\/academienour.org\/fr\/wp-json\/wp\/v2\/pages\/26005","targetHints":{"allow":["GET"]}}],"collection":[{"href":"https:\/\/academienour.org\/fr\/wp-json\/wp\/v2\/pages"}],"about":[{"href":"https:\/\/academienour.org\/fr\/wp-json\/wp\/v2\/types\/page"}],"author":[{"embeddable":true,"href":"https:\/\/academienour.org\/fr\/wp-json\/wp\/v2\/users\/2"}],"replies":[{"embeddable":true,"href":"https:\/\/academienour.org\/fr\/wp-json\/wp\/v2\/comments?post=26005"}],"version-history":[{"count":13,"href":"https:\/\/academienour.org\/fr\/wp-json\/wp\/v2\/pages\/26005\/revisions"}],"predecessor-version":[{"id":26292,"href":"https:\/\/academienour.org\/fr\/wp-json\/wp\/v2\/pages\/26005\/revisions\/26292"}],"wp:attachment":[{"href":"https:\/\/academienour.org\/fr\/wp-json\/wp\/v2\/media?parent=26005"}],"curies":[{"name":"wp","href":"https:\/\/api.w.org\/{rel}","templated":true}]}}