{"id":25670,"date":"2024-09-05T00:12:06","date_gmt":"2024-09-05T04:12:06","guid":{"rendered":"https:\/\/academienour.org\/?page_id=25670"},"modified":"2024-12-31T11:59:53","modified_gmt":"2024-12-31T16:59:53","slug":"dua","status":"publish","type":"page","link":"https:\/\/academienour.org\/fr\/dua\/","title":{"rendered":"Dua"},"content":{"rendered":"<div class=\"wpb-content-wrapper\"><div class=\"vc_row-full-width-before\"><\/div><div id=\"vc_row-69fde5e336e16\" data-vc-full-width=\"true\" data-vc-full-width-init=\"false\" data-vc-stretch-content=\"true\" class=\"vc_row wpb_row vc_row-fluid vc_custom_1725957415509 thegem-custom-69fde5e336dec4449 vc_row-has-fill vc_row-o-full-height vc_row-o-columns-middle thegem-fix-full-height vc_row-o-equal-height vc_row-flex vc_row_thegem-ken-burns\"><div class=\"thegem-ken-burns-bg thegem-ken-burns-zoom-out\" style=\"animation-duration: 20000ms; background-image: url(https:\/\/academienour.org\/wp-content\/uploads\/2024\/09\/DUA.jpg)\"><\/div><script type=\"text\/javascript\">fullHeightRow();<\/script><script type=\"text\/javascript\">if (typeof(gem_fix_fullwidth_position) == \"function\") { gem_fix_fullwidth_position(document.getElementById(\"vc_row-69fde5e336e16\")); }<\/script><div class=\"wpb_column vc_column_container vc_col-sm-12 thegem-custom-69fde5e337ece1476\" ><div class=\"vc_column-inner thegem-custom-inner-69fde5e337ed3\"><div class=\"wpb_wrapper thegem-custom-69fde5e337ece1476\"><div class=\"centered-box\"><div class=\"gem-icon gem-icon-pack-material gem-icon-size-xlarge angle-90deg gem-icon-shape-square gem-simple-icon\"  style=\"opacity: 1;\"><div class=\"gem-icon-inner\" style=\"\"><span class=\"gem-icon-half-1\" style=\"color: #ffffff;\"><span class=\"back-angle\">&#xf5c6;<\/span><\/span><span class=\"gem-icon-half-2\" style=\"color: #f8c413;\"><span class=\"back-angle\">&#xf5c6;<\/span><\/span><\/div><\/div><\/div><div class=\"clearboth\"><\/div><style>#thegem-divider-69fde5e338231 {margin-top: 26px !important;}<\/style><div id=\"thegem-divider-69fde5e338231\" class=\"gem-divider\" style=\"\" ><\/div>\r\n\t\r\n\t\t<div class=\"wpb_text_column wpb_content_element  thegem-vc-text thegem-custom-69fde5e3384215984\"  >\r\n\t\t\t<div class=\"wpb_wrapper\">\r\n\t\t\t\t<div class=\"title-xlarge\" style=\"text-align: center;\"><span style=\"color: #ffffff;\">Duas quotidien<\/span><\/div>\n\r\n\t\t\t<\/div>\r\n\t\t\t<style>@media screen and (max-width: 1023px) {.thegem-vc-text.thegem-custom-69fde5e3384215984{display: block!important;}}@media screen and (max-width: 767px) {.thegem-vc-text.thegem-custom-69fde5e3384215984{display: block!important;}}@media screen and (max-width: 1023px) {.thegem-vc-text.thegem-custom-69fde5e3384215984{position: relative !important;}}@media screen and (max-width: 767px) {.thegem-vc-text.thegem-custom-69fde5e3384215984{position: relative !important;}}<\/style>\r\n\t\t<\/div>\r\n\t\r\n<div class=\"clearboth\"><\/div><style>#thegem-divider-69fde5e33854e {margin-top: 50px !important;}<\/style><div id=\"thegem-divider-69fde5e33854e\" class=\"gem-divider\" style=\"\" ><\/div>\r\n\t\r\n\t\t<div class=\"wpb_text_column wpb_content_element  thegem-vc-text thegem-custom-69fde5e33865a7789\"  >\r\n\t\t\t<div class=\"wpb_wrapper\">\r\n\t\t\t\t<div class=\"styled-subtitle\" style=\"text-align: center; max-width: 1030px; margin: 0 auto;\"><span style=\"color: #f8c413;\">Renforcer les esprits et les c\u0153urs<\/span><\/div>\n\r\n\t\t\t<\/div>\r\n\t\t\t<style>@media screen and (max-width: 1023px) {.thegem-vc-text.thegem-custom-69fde5e33865a7789{display: block!important;}}@media screen and (max-width: 767px) {.thegem-vc-text.thegem-custom-69fde5e33865a7789{display: block!important;}}@media screen and (max-width: 1023px) {.thegem-vc-text.thegem-custom-69fde5e33865a7789{position: relative !important;}}@media screen and (max-width: 767px) {.thegem-vc-text.thegem-custom-69fde5e33865a7789{position: relative !important;}}<\/style>\r\n\t\t<\/div>\r\n\t\r\n<div class=\"clearboth\"><\/div><style>#thegem-divider-69fde5e33876c {margin-top: 5px !important;}<\/style><div id=\"thegem-divider-69fde5e33876c\" class=\"gem-divider\" style=\"\" ><\/div><\/div><\/div><\/div><\/div><div class=\"vc_row-full-width vc_clearfix\"><\/div><div id=\"vc_row-69fde5e3389eb\" class=\"vc_row wpb_row vc_row-fluid thegem-custom-69fde5e3389dd2022\"><div class=\"wpb_column vc_column_container vc_col-sm-12 thegem-custom-69fde5e338c068823\" ><div class=\"vc_column-inner thegem-custom-inner-69fde5e338c08\"><div class=\"wpb_wrapper thegem-custom-69fde5e338c068823\">\r\n\t\r\n\t\t<div class=\"wpb_text_column wpb_content_element  thegem-vc-text thegem-custom-69fde5e338d4b66\"  >\r\n\t\t\t<div class=\"wpb_wrapper\">\r\n\t\t\t\t<div class=\"wp-block-audio title-h4\"><audio src=\"https:\/\/academienour.org\/wp-content\/uploads\/2024\/09\/al-fatiha.mp4\" controls=\"controls\"><\/audio>Al Fatiha<\/div>\n<p>\u00a0<\/p>\n<div class=\"wp-block-audio title-h4\"><audio src=\"https:\/\/academienour.org\/wp-content\/uploads\/2024\/09\/dua-matin.mp4\" controls=\"controls\"><\/audio>Dua matin<\/div>\n<p>\u00a0<\/p>\n<div class=\"wp-block-audio title-h4\"><audio src=\"https:\/\/academienour.org\/wp-content\/uploads\/2024\/09\/dua-faraj.mp4\" controls=\"controls\"><\/audio>Dua al faraj<\/div>\n<p class=\"p1\">Sourate An-Nur (chapitre 24), verset 35<\/p>\n<audio class=\"wp-audio-shortcode\" id=\"audio-25670-1\" preload=\"none\" style=\"width: 100%;\" controls=\"controls\"><source type=\"video\/mp4\" src=\"https:\/\/academienour.org\/wp-content\/uploads\/2024\/12\/Surah-Noor-\u0633\u0648\u0631\u0647-\u0646\u0648\u0631-\u0646\u0648\u0631-\u0639\u0644\u06cc-\u0646\u0648\u0631.mp4?_=1\" \/><a href=\"https:\/\/academienour.org\/wp-content\/uploads\/2024\/12\/Surah-Noor-\u0633\u0648\u0631\u0647-\u0646\u0648\u0631-\u0646\u0648\u0631-\u0639\u0644\u06cc-\u0646\u0648\u0631.mp4\">https:\/\/academienour.org\/wp-content\/uploads\/2024\/12\/Surah-Noor-\u0633\u0648\u0631\u0647-\u0646\u0648\u0631-\u0646\u0648\u0631-\u0639\u0644\u06cc-\u0646\u0648\u0631.mp4<\/a><\/audio>\n<h2 class=\"wp-block-heading\">Supplication du matin : La pratique spirituelle qui transforme votre journ\u00e9e et votre vie<\/h2>\n<p>La supplication du matin est une pratique qui aligne votre c\u0153ur et votre esprit avec vos intentions, vos espoirs et votre gratitude, instaurant une atmosph\u00e8re positive pour la journ\u00e9e \u00e0 venir.<\/p>\n<p>&nbsp;<\/p>\n\r\n\t\t\t<\/div>\r\n\t\t\t<style>@media screen and (max-width: 1023px) {.thegem-vc-text.thegem-custom-69fde5e338d4b66{display: block!important;}}@media screen and (max-width: 767px) {.thegem-vc-text.thegem-custom-69fde5e338d4b66{display: block!important;}}@media screen and (max-width: 1023px) {.thegem-vc-text.thegem-custom-69fde5e338d4b66{position: relative !important;}}@media screen and (max-width: 767px) {.thegem-vc-text.thegem-custom-69fde5e338d4b66{position: relative !important;}}<\/style>\r\n\t\t<\/div>\r\n\t\r\n<\/div><\/div><\/div><\/div><\/div>","protected":false},"excerpt":{"rendered":"","protected":false},"author":2,"featured_media":25675,"parent":0,"menu_order":0,"comment_status":"closed","ping_status":"closed","template":"","meta":{"footnotes":""},"class_list":["post-25670","page","type-page","status-publish","has-post-thumbnail"],"_links":{"self":[{"href":"https:\/\/academienour.org\/fr\/wp-json\/wp\/v2\/pages\/25670","targetHints":{"allow":["GET"]}}],"collection":[{"href":"https:\/\/academienour.org\/fr\/wp-json\/wp\/v2\/pages"}],"about":[{"href":"https:\/\/academienour.org\/fr\/wp-json\/wp\/v2\/types\/page"}],"author":[{"embeddable":true,"href":"https:\/\/academienour.org\/fr\/wp-json\/wp\/v2\/users\/2"}],"replies":[{"embeddable":true,"href":"https:\/\/academienour.org\/fr\/wp-json\/wp\/v2\/comments?post=25670"}],"version-history":[{"count":12,"href":"https:\/\/academienour.org\/fr\/wp-json\/wp\/v2\/pages\/25670\/revisions"}],"predecessor-version":[{"id":25852,"href":"https:\/\/academienour.org\/fr\/wp-json\/wp\/v2\/pages\/25670\/revisions\/25852"}],"wp:featuredmedia":[{"embeddable":true,"href":"https:\/\/academienour.org\/fr\/wp-json\/wp\/v2\/media\/25675"}],"wp:attachment":[{"href":"https:\/\/academienour.org\/fr\/wp-json\/wp\/v2\/media?parent=25670"}],"curies":[{"name":"wp","href":"https:\/\/api.w.org\/{rel}","templated":true}]}}