{"id":25555,"date":"2024-05-13T09:28:52","date_gmt":"2024-05-13T13:28:52","guid":{"rendered":"https:\/\/academienour.org\/?page_id=25555"},"modified":"2024-05-13T09:32:41","modified_gmt":"2024-05-13T13:32:41","slug":"la-classe-cycle","status":"publish","type":"page","link":"https:\/\/academienour.org\/fr\/la-classe-cycle\/","title":{"rendered":"La classe-cycle"},"content":{"rendered":"<h2 class=\"wp-block-heading\">APPRENDRE EN CLASSE-CYCLE : DES ACQUIS\u2026 POUR LA VIE<\/h2>\n\n\n\n<p>Votre enfant fera bient\u00f4t partie d\u2019une classe-cycle? Voici quelques informations qui vous permettront de mieux comprendre le fonctionnement de ces classes et d\u2019entamer la nouvelle ann\u00e9e scolaire avec l\u2019assurance que votre enfant b\u00e9n\u00e9ficiera des meilleures conditions pour bien apprendre et r\u00e9ussir!<\/p>\n\n\n\n<div data-wp-interactive=\"core\/file\" class=\"wp-block-file\"><object data-wp-bind--hidden=\"!state.hasPdfPreview\" hidden class=\"wp-block-file__embed\" data=\"https:\/\/academienour.org\/wp-content\/uploads\/2024\/05\/depl_classe_cycle-1.pdf\" type=\"application\/pdf\" style=\"width:100%;height:600px\" aria-label=\"Contenu incorpor\u00e9 depl_classe_cycle-1.\"><\/object><a id=\"wp-block-file--media-d7736c6c-1825-4901-bd75-9762cc72f9fb\" href=\"https:\/\/academienour.org\/wp-content\/uploads\/2024\/05\/depl_classe_cycle-1.pdf\">depl_classe_cycle-1<\/a><a href=\"https:\/\/academienour.org\/wp-content\/uploads\/2024\/05\/depl_classe_cycle-1.pdf\" class=\"wp-block-file__button wp-element-button\" download aria-describedby=\"wp-block-file--media-d7736c6c-1825-4901-bd75-9762cc72f9fb\">T\u00e9l\u00e9charger<\/a><\/div>","protected":false},"excerpt":{"rendered":"<p>APPRENDRE EN CLASSE-CYCLE : DES ACQUIS\u2026 POUR LA VIE Votre enfant fera bient\u00f4t partie d\u2019une classe-cycle? Voici quelques informations qui&#8230;<\/p>","protected":false},"author":2,"featured_media":0,"parent":0,"menu_order":0,"comment_status":"closed","ping_status":"closed","template":"","meta":{"footnotes":""},"class_list":["post-25555","page","type-page","status-publish"],"_links":{"self":[{"href":"https:\/\/academienour.org\/fr\/wp-json\/wp\/v2\/pages\/25555","targetHints":{"allow":["GET"]}}],"collection":[{"href":"https:\/\/academienour.org\/fr\/wp-json\/wp\/v2\/pages"}],"about":[{"href":"https:\/\/academienour.org\/fr\/wp-json\/wp\/v2\/types\/page"}],"author":[{"embeddable":true,"href":"https:\/\/academienour.org\/fr\/wp-json\/wp\/v2\/users\/2"}],"replies":[{"embeddable":true,"href":"https:\/\/academienour.org\/fr\/wp-json\/wp\/v2\/comments?post=25555"}],"version-history":[{"count":3,"href":"https:\/\/academienour.org\/fr\/wp-json\/wp\/v2\/pages\/25555\/revisions"}],"predecessor-version":[{"id":25560,"href":"https:\/\/academienour.org\/fr\/wp-json\/wp\/v2\/pages\/25555\/revisions\/25560"}],"wp:attachment":[{"href":"https:\/\/academienour.org\/fr\/wp-json\/wp\/v2\/media?parent=25555"}],"curies":[{"name":"wp","href":"https:\/\/api.w.org\/{rel}","templated":true}]}}