{"id":25477,"date":"2024-02-03T17:09:29","date_gmt":"2024-02-03T22:09:29","guid":{"rendered":"https:\/\/academienour.org\/?page_id=25477"},"modified":"2025-09-02T08:19:07","modified_gmt":"2025-09-02T12:19:07","slug":"horaires","status":"publish","type":"page","link":"https:\/\/academienour.org\/fr\/horaires\/","title":{"rendered":"Horaires"},"content":{"rendered":"<p><\/p>\n\n\n\n<h5 class=\"wp-block-heading\">Horaire du secr\u00e9tariat<\/h5>\n\n\n\n<p><strong>Du lundi au vendredi, de 8 h 15 \u00e0 4 h pm<\/strong><\/p>\n\n\n\n<h5 class=\"wp-block-heading\">Horaire de l\u2019\u00e9cole<\/h5>\n\n\n\n<figure class=\"wp-block-table is-style-stripes\"><table class=\"has-fixed-layout\"><tbody><tr><td>Arriv\u00e9 des \u00e9l\u00e8ves<\/td><td>8:25 am to 8:35 am<\/td><\/tr><tr><td><span class=\"highlight\">D\u00e9part des \u00e9l\u00e8ves du pr\u00e9scolaire<\/span><\/td><td>3:30 pm<\/td><\/tr><tr><td>D\u00e9part des \u00e9l\u00e8ves du primaire<\/td><td>3:35 pm<\/td><\/tr><\/tbody><\/table><\/figure>\n\n\n\n<h5 class=\"wp-block-heading\">Heures de services de garde<\/h5>\n\n\n\n<p><p>Service de garde du matin (7 h 00 \u2013 8 h 25)<\/p><\/p>\n\n\n\n<p><p>Service de garde de l\u2019apr\u00e8s-midi (3 h 35 \u2013 6 h 00 pm)<br><\/p><\/p>\n\n\n\n<p>&nbsp;<\/p>","protected":false},"excerpt":{"rendered":"<p>Office Hours Monday to Friday, 8:15 am to 4:00 pm Class Hours Arrival of students 8:25 am to 8:35 am&#8230;<\/p>","protected":false},"author":2,"featured_media":0,"parent":0,"menu_order":0,"comment_status":"closed","ping_status":"closed","template":"","meta":{"footnotes":""},"class_list":["post-25477","page","type-page","status-publish"],"_links":{"self":[{"href":"https:\/\/academienour.org\/fr\/wp-json\/wp\/v2\/pages\/25477","targetHints":{"allow":["GET"]}}],"collection":[{"href":"https:\/\/academienour.org\/fr\/wp-json\/wp\/v2\/pages"}],"about":[{"href":"https:\/\/academienour.org\/fr\/wp-json\/wp\/v2\/types\/page"}],"author":[{"embeddable":true,"href":"https:\/\/academienour.org\/fr\/wp-json\/wp\/v2\/users\/2"}],"replies":[{"embeddable":true,"href":"https:\/\/academienour.org\/fr\/wp-json\/wp\/v2\/comments?post=25477"}],"version-history":[{"count":9,"href":"https:\/\/academienour.org\/fr\/wp-json\/wp\/v2\/pages\/25477\/revisions"}],"predecessor-version":[{"id":26066,"href":"https:\/\/academienour.org\/fr\/wp-json\/wp\/v2\/pages\/25477\/revisions\/26066"}],"wp:attachment":[{"href":"https:\/\/academienour.org\/fr\/wp-json\/wp\/v2\/media?parent=25477"}],"curies":[{"name":"wp","href":"https:\/\/api.w.org\/{rel}","templated":true}]}}