{"id":25260,"date":"2023-08-27T18:33:10","date_gmt":"2023-08-27T22:33:10","guid":{"rendered":"https:\/\/academienour.org\/?page_id=25260"},"modified":"2025-09-22T17:24:57","modified_gmt":"2025-09-22T21:24:57","slug":"job-vacancies","status":"publish","type":"page","link":"https:\/\/academienour.org\/fr\/job-vacancies\/","title":{"rendered":"Emplois"},"content":{"rendered":"<div class=\"wpb-content-wrapper\"><div id=\"vc_row-69fde5e74162e\" class=\"vc_row wpb_row vc_row-fluid thegem-custom-69fde5e74161b1092\"><div class=\"wpb_column vc_column_container vc_col-sm-12 thegem-custom-69fde5e741867584\" ><div class=\"vc_column-inner thegem-custom-inner-69fde5e741869\"><div class=\"wpb_wrapper thegem-custom-69fde5e741867584\"><div class=\"clearboth\"><\/div><style>#thegem-divider-69fde5e741b10 {margin-top: 40px !important;}<\/style><div id=\"thegem-divider-69fde5e741b10\" class=\"gem-divider\" style=\"\" ><\/div>\r\n\t\r\n\t\t<div class=\"wpb_text_column wpb_content_element  thegem-vc-text thegem-custom-69fde5e741c585739\"  >\r\n\t\t\t<div class=\"wpb_wrapper\">\r\n\t\t\t\t<div class=\"styled-subtitle\">\u00c0 l'Acad\u00e9mie Nour, nous sommes convaincus que notre \u00e9quipe est la cl\u00e9 de notre succ\u00e8s. Nous sommes toujours \u00e0 la recherche de personnes passionn\u00e9es, d\u00e9vou\u00e9es et talentueuses pour nous aider \u00e0 offrir un enseignement de qualit\u00e9 et un environnement stimulant \u00e0 nos \u00e9l\u00e8ves. D\u00e9couvrez nos offres d'emploi actuelles et rejoignez une communaut\u00e9 qui valorise la croissance, la collaboration et l'excellence.<\/div>\n\r\n\t\t\t<\/div>\r\n\t\t\t<style>@media screen and (max-width: 1023px) {.thegem-vc-text.thegem-custom-69fde5e741c585739{display: block!important;}}@media screen and (max-width: 767px) {.thegem-vc-text.thegem-custom-69fde5e741c585739{display: block!important;}}@media screen and (max-width: 1023px) {.thegem-vc-text.thegem-custom-69fde5e741c585739{position: relative !important;}}@media screen and (max-width: 767px) {.thegem-vc-text.thegem-custom-69fde5e741c585739{position: relative !important;}}<\/style>\r\n\t\t<\/div>\r\n\t\r\n<div class=\"clearboth\"><\/div><style>#thegem-divider-69fde5e741d21 {margin-top: 40px !important;}<\/style><div id=\"thegem-divider-69fde5e741d21\" class=\"gem-divider\" style=\"\" ><\/div><\/div><\/div><\/div><\/div><div id=\"vc_row-69fde5e741f0d\" class=\"vc_row wpb_row vc_row-fluid vc_custom_1758576221775 thegem-custom-69fde5e741efb9241\"><div class=\"wpb_column vc_column_container vc_col-sm-12 thegem-custom-69fde5e74209b5535\" ><div class=\"vc_column-inner thegem-custom-inner-69fde5e74209d vc_custom_1458135744679\"><div class=\"wpb_wrapper thegem-custom-69fde5e74209b5535\"><style>.portfolio.news-grid#style-fb35755 .portfolio-item:not(.size-item), .preloader#style-preloader-fb35755 .portfolio-item { padding: calc(25px\/2) !important; }.portfolio.news-grid#style-fb35755 .portfolio-item.size-item { padding: 0 calc(25px\/2) !important; }.portfolio.news-grid#style-fb35755 .portfolio-row, .preloader#style-preloader-fb35755 .skeleton-posts.portfolio-row { margin: calc(-25px\/2); }.portfolio.news-grid#style-fb35755.fullwidth-columns .portfolio-row { margin: calc(-25px\/2) 0; }.portfolio.news-grid#style-fb35755 .fullwidth-block:not(.no-paddings) { padding-left: 25px; padding-right: 25px; }.portfolio.news-grid#style-fb35755 .fullwidth-block .portfolio-row { padding-left: calc(25px\/2); padding-right: calc(25px\/2); }.portfolio.news-grid#style-fb35755 .fullwidth-block .portfolio-top-panel { padding-left: 25px; padding-right: 25px; }.portfolio.news-grid#style-fb35755.fullwidth-columns .with-filter-sidebar .filter-sidebar { padding-left: 25px; }.portfolio.news-grid#style-fb35755.list-style.with-divider .portfolio-item .wrap:before { top: calc(-25px\/2); }.portfolio.news-grid#style-fb35755 .portfolio-item .caption .title span { letter-spacing: px !important; }<\/style><style>.portfolio.news-grid#style-fb35755 .portfolio-filters { text-align: center; }<\/style> <div class=\"portfolio-preloader-wrapper panel-sidebar-position-left\"> <div class=\"portfolio portfolio-grid extended-portfolio-grid news-grid no-padding portfolio-pagination-scroll portfolio-style-justified background-style-transparent title-style-light hover-default title-on-page caption-position-page version-default loading-animation item-animation-move-up columns-2 columns-tablet-2 columns-mobile-1 disable-isotope loop-equal-height\" id=\"style-fb35755\" data-style-uid=\"fb35755\" data-portfolio-uid=\"grid_5c71d6e\" data-current-page=\"1\" data-per-page=\"8\" data-next-page=\"0\" data-pages-count=\"1\" data-hover=\"default\" data-portfolio-filter=\"[]\" data-portfolio-filter-attributes=\"null\" data-portfolio-filter-status=\"null\" data-portfolio-filter-price=\"null\" data-portfolio-filter-search=\"\"> <div class=\"portfolio-row-outer\"> <div class=\"portfolio-top-panel filter-type-default selected-only\"> <div class=\"portfolio-top-panel-row filter-style-buttons\"> <div class=\"portfolio-top-panel-left\"><div class=\"portfolio-filter-item portfolio-selected-filters left\"> <div class=\"portfolio-selected-filter-item clear-filters\"> Clear Filters\t<\/div> <\/div> <\/div> <div class=\"portfolio-top-panel-right\"> <\/div> <\/div> <\/div> <div class=\"row portfolio-row\"> <div class=\"portfolio-set clearfix\" data-max-row-height=\"380\"> <div class=\"portfolio-item job-vacancies col-xs-12 col-sm-6 col-md-6 item-animations-not-inited show-caption-border post-has-author post-25267 post type-post status-publish format-standard has-post-thumbnail category-job-vacancies\" data-default-sort=\"2\" data-sort-date=\"1741718330\"> <div class=\"thegem-template-wrapper thegem-template-loop-item thegem-template-26110 thegem-loop-post-25267\"> <style>.vc_custom_1686032839939{padding-top: 0px !important;padding-right: 0px !important;padding-bottom: 80px !important;padding-left: 0px !important;}.vc_custom_1686146472807{padding-right: 25px !important;padding-left: 25px !important;}.vc_custom_1686123148728{padding-top: 0px !important;padding-right: 25px !important;padding-bottom: 30px !important;padding-left: 25px !important;background-color: #ffffff !important;}.vc_custom_1686122990011{margin-top: -11px !important;margin-bottom: 15px !important;}<\/style><div id=\"vc_row-69fde5e745001\" class=\"vc_row wpb_row vc_row-fluid vc_custom_1686032839939 thegem-custom-69fde5e744fe79294\"><div class=\"wpb_column vc_column_container vc_col-sm-12 thegem-custom-69fde5e7451b1511\" ><div class=\"vc_column-inner thegem-custom-inner-69fde5e7451b2\"><div class=\"wpb_wrapper thegem-custom-69fde5e7451b1511\"><style>.thegem-te-loop-featured-media.thegem-custom-69fde5e7452583434:not(.custom-video-ratio).image-aspect-ratio .media-inner-wrap {aspect-ratio: 1;}.thegem-te-loop-featured-media.thegem-custom-69fde5e7452583434 .media-inner-wrap img {opacity: calc(100\/100);}.thegem-te-loop-featured-media.thegem-custom-69fde5e7452583434.image-hover-effect a:hover .media-inner-wrap img {opacity: calc(100\/100);}.thegem-te-loop-featured-media.thegem-custom-69fde5e7452583434 .media-inner-wrap:before {background-color: rgba(0, 0, 0, 0);}.thegem-te-loop-featured-media.thegem-custom-69fde5e7452583434 .media-inner-wrap .portfolio-image-slider:before {background-color: rgba(0, 0, 0, 0);}.thegem-te-loop-featured-media.thegem-custom-69fde5e7452583434.image-hover-effect a:hover .media-inner-wrap:before {background-color: rgba(0, 0, 0, 0.3);}<\/style><div class=\"thegem-te-loop-featured-media image-aspect-ratio image-hover-effect image-position-left appearance-type-image loop-item-type-justify thegem-custom-69fde5e7452583434\"> <a href=\"https:\/\/academienour.org\/fr\/25267-2\/\" target=\"_self\"> <div class=\"featured-media\"> <div class=\"media-inner-wrap\"> <picture> <source srcset=\"https:\/\/academienour.org\/wp-content\/uploads\/2025\/03\/job-vac-thegem-product-justified-square-xl.jpg 1x\" sizes=\"100vw\"> <img src=\"https:\/\/academienour.org\/wp-content\/uploads\/2025\/03\/job-vac-thegem-product-justified-square-xl.jpg\" width=\"700\" height=\"700\" class=\"attachment-thegem-product-justified-square-xl\" alt=\"Primary School Teacher\" \/> <\/picture> <\/div> <\/div> <\/a> <\/div><div class=\"vc_row wpb_row vc_inner vc_row-fluid vc_custom_1686146472807 thegem-custom-69fde5e7459b01006 custom-inner-column-69fde5e7459c2\" ><div class=\"wpb_column vc_column_container vc_col-sm-12 thegem-custom-69fde5e745b918777 vc_col-has-fill\"><div class=\"vc_column-inner thegem-custom-inner-69fde5e745b92 vc_custom_1686123148728\"><style>.thegem-custom-69fde5e745b918777.wpb_column > .vc_column-inner {box-shadow: 0px 0px 80px 0px rgba(0,0,0,0.15);}\n<\/style><div class=\"wpb_wrapper thegem-custom-69fde5e745b918777\"><style>.thegem-te-post-info.thegem-custom-69fde5e745c298043 .post-info-item-cats-list {border: 0 !important;}<\/style> <div class=\"thegem-te-post-info post-info--classic post-info--horizontal post-info--center post-info--divider-hide post-info--loop-item vc_custom_1686122990011 thegem-custom-69fde5e745c298043\"> <div class=\"post-info\"><div class=\"post-info-item post-info-item-cats-list text-body-tiny\"><a href=\"https:\/\/academienour.org\/fr\/category\/job-vacancies\/\">Emplois<\/a><\/div><\/div> <\/div> <div class=\"clearboth\"><\/div><style>#thegem-divider-69fde5e745efe {margin-top: 5px !important;}<\/style><div id=\"thegem-divider-69fde5e745efe\" class=\"gem-divider\" style=\"\" ><\/div><style>.thegem-te-post-title.thegem-custom-69fde5e745f201720 {justify-content: center; text-align: center;}.thegem-te-post-title.thegem-custom-69fde5e745f201720 .post-title {letter-spacing: 0px;}.thegem-te-post-title.thegem-custom-69fde5e745f201720 .post-title {text-transform: none;}.thegem-te-post-title.thegem-custom-69fde5e745f201720 .post-title span {max-height: initial; white-space: initial; display: -webkit-box; -webkit-line-clamp: 2; line-clamp: 2; -webkit-box-orient: vertical; overflow: hidden; text-overflow: ellipsis;}<\/style><div class=\"thegem-te-post-title thegem-custom-69fde5e745f201720\"> <h2 class=\"post-title title-h4\"> <a href=\"https:\/\/academienour.org\/fr\/25267-2\/\" target=\"_self\"> <span>Enseignant(e) au niveau primaire<\/span> <\/a> <\/h2> <\/div><div class=\"clearboth\"><\/div><style>#thegem-divider-69fde5e746119 {margin-top: 20px !important;}<\/style><div id=\"thegem-divider-69fde5e746119\" class=\"gem-divider\" style=\"\" ><\/div><style>.thegem-te-post-excerpt.thegem-custom-69fde5e74615a6292 {justify-content: left; text-align: left;}.thegem-te-post-excerpt.thegem-custom-69fde5e74615a6292 .post-excerpt {max-height: initial; white-space: initial; display: -webkit-box; -webkit-line-clamp: 2; line-clamp: 2; -webkit-box-orient: vertical; overflow: hidden; text-overflow: ellipsis;}<\/style><div class=\"thegem-te-post-excerpt thegem-custom-69fde5e74615a6292\"> <div class=\"post-excerpt\"> L'\u00e9cole Acad\u00e9mie Nour recherche un(e) enseignant(e) d\u00e9vou\u00e9(e) et passionn\u00e9(e) pour rejoindre notre \u00e9quipe dynamique au sein de notre \u00e9tablissement primaire. <\/div> <\/div><div class=\"clearboth\"><\/div><style>#thegem-divider-69fde5e746286 {margin-top: 20px !important;}<\/style><div id=\"thegem-divider-69fde5e746286\" class=\"gem-divider\" style=\"\" ><\/div><div class=\"gem-button-container gem-button-position-center thegem-button-69fde5e7463bd1944\" ><a class=\"gem-button gem-button-size-small gem-button-style-flat gem-button-text-weight-normal\" data-ll-effect=\"drop-right-without-wrap\" style=\"border-radius: 3px;\" onmouseleave=\"\" onmouseenter=\"\" href=\"https:\/\/academienour.org\/fr\/25267-2\/\" target=\"_self\">En savoir plus<\/a><\/div> <\/div><\/div><\/div><\/div><style type=\"text\/css\">.thegem-custom-69fde5e7459b01006.wpb_row {position: absolute !important;width: 100%;top: auto;z-index: 10;left: 0px;right: auto;bottom: -80px;}@media (max-width: 1023px) {.thegem-custom-69fde5e7459b01006.wpb_row {left: 0px;right: auto;bottom: -80px;top: auto;}}@media (max-width: 767px) {.thegem-custom-69fde5e7459b01006.wpb_row {left: 0px;right: auto;bottom: -80px;top: auto;}}<\/style><\/div><\/div><\/div><\/div>\t<\/div> <\/div>\n<div class=\"portfolio-item job-vacancies col-xs-12 col-sm-6 col-md-6 item-animations-not-inited show-caption-border post-has-author post-25966 post type-post status-publish format-standard has-post-thumbnail category-job-vacancies\" data-default-sort=\"0\" data-sort-date=\"1741760669\"> <div class=\"thegem-template-wrapper thegem-template-loop-item thegem-template-26110 thegem-loop-post-25966\"> <style>.vc_custom_1686032839939{padding-top: 0px !important;padding-right: 0px !important;padding-bottom: 80px !important;padding-left: 0px !important;}.vc_custom_1686146472807{padding-right: 25px !important;padding-left: 25px !important;}.vc_custom_1686123148728{padding-top: 0px !important;padding-right: 25px !important;padding-bottom: 30px !important;padding-left: 25px !important;background-color: #ffffff !important;}.vc_custom_1686122990011{margin-top: -11px !important;margin-bottom: 15px !important;}<\/style><div id=\"vc_row-69fde5e7472ed\" class=\"vc_row wpb_row vc_row-fluid vc_custom_1686032839939 thegem-custom-69fde5e7472d83902\"><div class=\"wpb_column vc_column_container vc_col-sm-12 thegem-custom-69fde5e7474699560\" ><div class=\"vc_column-inner thegem-custom-inner-69fde5e74746b\"><div class=\"wpb_wrapper thegem-custom-69fde5e7474699560\"><style>.thegem-te-loop-featured-media.thegem-custom-69fde5e7475168015:not(.custom-video-ratio).image-aspect-ratio .media-inner-wrap {aspect-ratio: 1;}.thegem-te-loop-featured-media.thegem-custom-69fde5e7475168015 .media-inner-wrap img {opacity: calc(100\/100);}.thegem-te-loop-featured-media.thegem-custom-69fde5e7475168015.image-hover-effect a:hover .media-inner-wrap img {opacity: calc(100\/100);}.thegem-te-loop-featured-media.thegem-custom-69fde5e7475168015 .media-inner-wrap:before {background-color: rgba(0, 0, 0, 0);}.thegem-te-loop-featured-media.thegem-custom-69fde5e7475168015 .media-inner-wrap .portfolio-image-slider:before {background-color: rgba(0, 0, 0, 0);}.thegem-te-loop-featured-media.thegem-custom-69fde5e7475168015.image-hover-effect a:hover .media-inner-wrap:before {background-color: rgba(0, 0, 0, 0.3);}<\/style><div class=\"thegem-te-loop-featured-media image-aspect-ratio image-hover-effect image-position-left appearance-type-image loop-item-type-justify thegem-custom-69fde5e7475168015\"> <a href=\"https:\/\/academienour.org\/fr\/preschool-teaching-assistant\/\" target=\"_self\"> <div class=\"featured-media\"> <div class=\"media-inner-wrap\"> <picture> <source srcset=\"https:\/\/academienour.org\/wp-content\/uploads\/2025\/03\/job-vac2-thegem-product-justified-square-xl.jpg 1x\" sizes=\"100vw\"> <img src=\"https:\/\/academienour.org\/wp-content\/uploads\/2025\/03\/job-vac2-thegem-product-justified-square-xl.jpg\" width=\"700\" height=\"700\" class=\"attachment-thegem-product-justified-square-xl\" alt=\"Preschool Teaching Assistant\" \/> <\/picture> <\/div> <\/div> <\/a> <\/div><div class=\"vc_row wpb_row vc_inner vc_row-fluid vc_custom_1686146472807 thegem-custom-69fde5e747b183224 custom-inner-column-69fde5e747b29\" ><div class=\"wpb_column vc_column_container vc_col-sm-12 thegem-custom-69fde5e747ce5194 vc_col-has-fill\"><div class=\"vc_column-inner thegem-custom-inner-69fde5e747ce7 vc_custom_1686123148728\"><style>.thegem-custom-69fde5e747ce5194.wpb_column > .vc_column-inner {box-shadow: 0px 0px 80px 0px rgba(0,0,0,0.15);}\n<\/style><div class=\"wpb_wrapper thegem-custom-69fde5e747ce5194\"><style>.thegem-te-post-info.thegem-custom-69fde5e747d6d4121 .post-info-item-cats-list {border: 0 !important;}<\/style> <div class=\"thegem-te-post-info post-info--classic post-info--horizontal post-info--center post-info--divider-hide post-info--loop-item vc_custom_1686122990011 thegem-custom-69fde5e747d6d4121\"> <div class=\"post-info\"><div class=\"post-info-item post-info-item-cats-list text-body-tiny\"><a href=\"https:\/\/academienour.org\/fr\/category\/job-vacancies\/\">Emplois<\/a><\/div><\/div> <\/div> <div class=\"clearboth\"><\/div><style>#thegem-divider-69fde5e74800a {margin-top: 5px !important;}<\/style><div id=\"thegem-divider-69fde5e74800a\" class=\"gem-divider\" style=\"\" ><\/div><style>.thegem-te-post-title.thegem-custom-69fde5e748029309 {justify-content: center; text-align: center;}.thegem-te-post-title.thegem-custom-69fde5e748029309 .post-title {letter-spacing: 0px;}.thegem-te-post-title.thegem-custom-69fde5e748029309 .post-title {text-transform: none;}.thegem-te-post-title.thegem-custom-69fde5e748029309 .post-title span {max-height: initial; white-space: initial; display: -webkit-box; -webkit-line-clamp: 2; line-clamp: 2; -webkit-box-orient: vertical; overflow: hidden; text-overflow: ellipsis;}<\/style><div class=\"thegem-te-post-title thegem-custom-69fde5e748029309\"> <h2 class=\"post-title title-h4\"> <a href=\"https:\/\/academienour.org\/fr\/preschool-teaching-assistant\/\" target=\"_self\"> <span>Aide enseignant(s) au pr\u00e9scolaire<\/span> <\/a> <\/h2> <\/div><div class=\"clearboth\"><\/div><style>#thegem-divider-69fde5e748220 {margin-top: 20px !important;}<\/style><div id=\"thegem-divider-69fde5e748220\" class=\"gem-divider\" style=\"\" ><\/div><style>.thegem-te-post-excerpt.thegem-custom-69fde5e7482379302 {justify-content: left; text-align: left;}.thegem-te-post-excerpt.thegem-custom-69fde5e7482379302 .post-excerpt {max-height: initial; white-space: initial; display: -webkit-box; -webkit-line-clamp: 2; line-clamp: 2; -webkit-box-orient: vertical; overflow: hidden; text-overflow: ellipsis;}<\/style><div class=\"thegem-te-post-excerpt thegem-custom-69fde5e7482379302\"> <div class=\"post-excerpt\"> Rejoignez notre \u00e9quipe \u00e9ducative et contribuez au d\u00e9veloppement des tout-petits ! <\/div> <\/div><div class=\"clearboth\"><\/div><style>#thegem-divider-69fde5e748361 {margin-top: 20px !important;}<\/style><div id=\"thegem-divider-69fde5e748361\" class=\"gem-divider\" style=\"\" ><\/div><div class=\"gem-button-container gem-button-position-center thegem-button-69fde5e7484ae5274\" ><a class=\"gem-button gem-button-size-small gem-button-style-flat gem-button-text-weight-normal\" data-ll-effect=\"drop-right-without-wrap\" style=\"border-radius: 3px;\" onmouseleave=\"\" onmouseenter=\"\" href=\"https:\/\/academienour.org\/fr\/preschool-teaching-assistant\/\" target=\"_self\">En savoir plus<\/a><\/div> <\/div><\/div><\/div><\/div><style type=\"text\/css\">.thegem-custom-69fde5e747b183224.wpb_row {position: absolute !important;width: 100%;top: auto;z-index: 10;left: 0px;right: auto;bottom: -80px;}@media (max-width: 1023px) {.thegem-custom-69fde5e747b183224.wpb_row {left: 0px;right: auto;bottom: -80px;top: auto;}}@media (max-width: 767px) {.thegem-custom-69fde5e747b183224.wpb_row {left: 0px;right: auto;bottom: -80px;top: auto;}}<\/style><\/div><\/div><\/div><\/div>\t<\/div> <\/div> <\/div><!-- .portflio-set --> <div class=\"portfolio-item-size-container\"> <div class=\"portfolio-item col-xs-12 col-sm-6 col-md-6 item-animations-not-inited show-caption-border post-has-author post-25966 post type-post status-publish format-standard has-post-thumbnail category-job-vacancies\"> <\/div> <\/div> <\/div><!-- .row--> <\/div><!-- .full-width --> <\/div><!-- .portfolio--> <\/div><!-- .portfolio-preloader-wrapper--><\/div><\/div><\/div><\/div><div id=\"vc_row-69fde5e748d03\" class=\"vc_row wpb_row vc_row-fluid thegem-custom-69fde5e748cf97724\"><div class=\"wpb_column vc_column_container vc_col-sm-12 thegem-custom-69fde5e748e71497\" ><div class=\"vc_column-inner thegem-custom-inner-69fde5e748e72\"><div class=\"wpb_wrapper thegem-custom-69fde5e748e71497\"><div class=\"clearboth\"><\/div><style>#thegem-divider-69fde5e748efc {margin-top: 40px !important;}<\/style><div id=\"thegem-divider-69fde5e748efc\" class=\"gem-divider\" style=\"\" ><\/div><\/div><\/div><\/div><\/div>\n<\/div>","protected":false},"excerpt":{"rendered":"","protected":false},"author":2,"featured_media":0,"parent":0,"menu_order":0,"comment_status":"closed","ping_status":"closed","template":"","meta":{"footnotes":""},"class_list":["post-25260","page","type-page","status-publish"],"_links":{"self":[{"href":"https:\/\/academienour.org\/fr\/wp-json\/wp\/v2\/pages\/25260","targetHints":{"allow":["GET"]}}],"collection":[{"href":"https:\/\/academienour.org\/fr\/wp-json\/wp\/v2\/pages"}],"about":[{"href":"https:\/\/academienour.org\/fr\/wp-json\/wp\/v2\/types\/page"}],"author":[{"embeddable":true,"href":"https:\/\/academienour.org\/fr\/wp-json\/wp\/v2\/users\/2"}],"replies":[{"embeddable":true,"href":"https:\/\/academienour.org\/fr\/wp-json\/wp\/v2\/comments?post=25260"}],"version-history":[{"count":11,"href":"https:\/\/academienour.org\/fr\/wp-json\/wp\/v2\/pages\/25260\/revisions"}],"predecessor-version":[{"id":26113,"href":"https:\/\/academienour.org\/fr\/wp-json\/wp\/v2\/pages\/25260\/revisions\/26113"}],"wp:attachment":[{"href":"https:\/\/academienour.org\/fr\/wp-json\/wp\/v2\/media?parent=25260"}],"curies":[{"name":"wp","href":"https:\/\/api.w.org\/{rel}","templated":true}]}}