{"id":24958,"date":"2023-07-04T02:29:28","date_gmt":"2023-07-04T06:29:28","guid":{"rendered":"https:\/\/academienour.org\/?page_id=24958"},"modified":"2025-04-12T10:09:29","modified_gmt":"2025-04-12T14:09:29","slug":"privacy-policy","status":"publish","type":"page","link":"https:\/\/academienour.org\/fr\/privacy-policy\/","title":{"rendered":"Politique de confidentialit\u00e9"},"content":{"rendered":"<div class=\"wpb-content-wrapper\"><div class=\"vc_row-full-width-before\"><\/div><div id=\"vc_row-69fde5a108340\" data-vc-full-width=\"true\" data-vc-full-width-init=\"false\" class=\"vc_row wpb_row vc_row-fluid vc_custom_1688452499731 thegem-custom-69fde5a10831f2325\"><script type=\"text\/javascript\">if (typeof(gem_fix_fullwidth_position) == \"function\") { gem_fix_fullwidth_position(document.getElementById(\"vc_row-69fde5a108340\")); }<\/script>\n<style>\n#vc_row-69fde5a108340 .separator{\n    width: 133px;\n    border-width: 2px;\n    margin: 0 auto;\n}\n<\/style>\n<div class=\"wpb_column vc_column_container vc_col-sm-12 thegem-custom-69fde5a1086294801 disable-custom-paggings-mobile\" ><div class=\"vc_column-inner thegem-custom-inner-69fde5a10862b vc_custom_1590579742086\"><div class=\"wpb_wrapper thegem-custom-69fde5a1086294801\">\r\n\t\r\n\t\t<div class=\"wpb_text_column wpb_content_element  vc_custom_1744466964360 thegem-vc-text thegem-custom-69fde5a108a194190\"  >\r\n\t\t\t<div class=\"wpb_wrapper\">\r\n\t\t\t\t<div class=\"styled-subtitle\" style=\"text-align: center;\">\n<p class=\"p1\" style=\"text-align: left;\">Les renseignements personnels recueillis et utilis\u00e9s dans le cadre de notre gestion sont indispensables. En acceptant la collecte et l\u2019utilisation de vos informations, vous acceptez les termes et conditions de notre pr\u00e9sente politique. Nous reconnaissons l\u2019importance de prot\u00e9ger la vie priv\u00e9e. Via cette politique, nous nous engageons \u00e0 pr\u00e9server ceux-ci tout en respectant la l\u00e9gislation en vigueur. Cette politique s\u2019applique aussi longtemps que nous d\u00e9tenons vos renseignements personnels.<\/p>\n<p class=\"p1\" style=\"text-align: left;\"><strong>Type de renseignements<\/strong><\/p>\n<p class=\"p1\" style=\"text-align: left;\">Les renseignements que nous pouvons demander comprennent notamment :<\/p>\n<ul>\n<li class=\"p1\" style=\"text-align: left;\">identification : pr\u00e9nom, nom, date de naissance, genre, statut de citoyennet\u00e9, code permanent, num\u00e9ro d\u2019assurance sociale, carte d\u2019assurance maladie, permis de conduire;<\/li>\n<li class=\"p1\" style=\"text-align: left;\">coordonn\u00e9es : adresse, num\u00e9ro de t\u00e9l\u00e9phone et adresse courriel;<\/li>\n<li class=\"p1\" style=\"text-align: left;\">emploi : donn\u00e9es bancaires et ant\u00e9c\u00e9dents judiciaires;<\/li>\n<li class=\"p1\" style=\"text-align: left;\">autres : fiche sant\u00e9, relev\u00e9 de notes, bulletin, plan d\u2019intervention.<\/li>\n<\/ul>\n<p class=\"p1\" style=\"text-align: left;\"><strong>Collecte et utilisation des renseignements<\/strong><\/p>\n<p class=\"p1\" style=\"text-align: left;\">Nous recueillons et utilisons vos renseignements lorsque :<\/p>\n<ul>\n<li class=\"p1\" style=\"text-align: left;\">vous compl\u00e9tez une demande d\u2019admission;<\/li>\n<li class=\"p1\" style=\"text-align: left;\">vous signez le contrat de services (\u00e9ducatifs, transport, etc.);<\/li>\n<li class=\"p1\" style=\"text-align: left;\">vous \u00eates embauch\u00e9 par l\u2019acad\u00e9mie;<\/li>\n<li class=\"p1\" style=\"text-align: left;\">vous \u00eates un fournisseur de service;<\/li>\n<li class=\"p1\" style=\"text-align: left;\">vous louez un espace \u00e0 l\u2019acad\u00e9mie.<\/li>\n<\/ul>\n<p style=\"text-align: left;\">Ces renseignements personnels sont accessibles \u00e0 toute personne pour qui ces informations sont n\u00e9cessaires \u00e0 l\u2019accomplissement de ses fonctions.<\/p>\n<p style=\"text-align: left;\">Lorsque vous naviguez sur le site web de l\u2019acad\u00e9mie, certaines informations concernant votre visite et vos interactions avec nos publicit\u00e9s et contenus sont \u00e9chang\u00e9es automatiquement avec le navigateur. Elles sont recueillies \u00e0 des fins techniques et statistiques.<\/p>\n<p class=\"p1\" style=\"text-align: left;\"><strong>Communication des renseignements<\/strong><\/p>\n<p class=\"p1\" style=\"text-align: left;\">Aucune divulgation de renseignement n\u2019est permise sauf dans les cas autoris\u00e9s ou exig\u00e9s par la Loi. Dans ces cas, nous nous assurons qu\u2019ils prot\u00e8gent vos informations selon la Loi prescrite.<\/p>\n<p class=\"p1\" style=\"text-align: left;\">Nous partageons donc certaines informations sp\u00e9cifiques :<\/p>\n<ul>\n<li class=\"p1\" style=\"text-align: left;\">au minist\u00e8re de l\u2019\u00c9ducation du Qu\u00e9bec pour le dossier scolaire ainsi qu\u2019\u00e0 d\u2019autres organismes (\u00e9coles et h\u00f4pitaux) au moment du transfert d\u2019un \u00e9l\u00e8ve autoris\u00e9 par l\u2019autorit\u00e9 parentale;<\/li>\n<li class=\"p1\" style=\"text-align: left;\">\u00e0 notre institution financi\u00e8re pour des transactions bancaires;<\/li>\n<li class=\"p1\" style=\"text-align: left;\">\u00e0 la R\u00e9gie intermunicipale de police pour la v\u00e9rification des ant\u00e9c\u00e9dents judiciaires;<\/li>\n<li class=\"p1\" style=\"text-align: left;\">\u00e0 certains fournisseurs (collection vestimentaire, livres scolaires, photographie et transport).<\/li>\n<\/ul>\n<p style=\"text-align: left;\">L\u2019acad\u00e9mie ne peut communiquer une donn\u00e9e personnelle sans le consentement \u00e9crit de la personne concern\u00e9e ou dans le cas d\u2019un \u00e9l\u00e8ve mineur, de la personne qui d\u00e9tient l\u2019autorit\u00e9 parentale. Toutefois, nous pourrons y consentir si nous obtenons une demande \u00e9crite provenant de la personne concern\u00e9e ou celle qui d\u00e9tient l\u2019autorit\u00e9 parentale. Une v\u00e9rification sera effectu\u00e9e afin de s\u2019assurer de la v\u00e9racit\u00e9 de la demande.<\/p>\n<p style=\"text-align: left;\">Notre site web propose des hyperliens vers d\u2019autres sites. Les renseignements \u00e9chang\u00e9s sur ces derniers ne sont pas assujettis \u00e0 la pr\u00e9sente politique de confidentialit\u00e9.<\/p>\n<p class=\"p1\" style=\"text-align: left;\"><strong>Conservation et destruction<\/strong><\/p>\n<p class=\"p1\" style=\"text-align: left;\">Les documents contenant des renseignements personnels sont conserv\u00e9s dans des classeurs avec un acc\u00e8s limit\u00e9 ou dans le syst\u00e8me d\u2019exploitation s\u00e9curis\u00e9 qui est utilis\u00e9 pour la gestion de l\u2019acad\u00e9mie. Ils sont utilis\u00e9s par la personne concern\u00e9e aussi longtemps qu\u2019ils sont n\u00e9cessaires pour accomplir sa fonction. Par la suite, ils sont d\u00e9truits selon le calendrier de conservation exig\u00e9 par la Loi sur la Biblioth\u00e8que et les Archives du Canada. Lors de la destruction des documents au format papier, nous prenons toutes les mesures n\u00e9cessaires afin d\u2019assurer la confidentialit\u00e9 des \u00e9l\u00e9ments d\u00e9truits.<\/p>\n<p class=\"p1\" style=\"text-align: left;\"><strong>Mesures de s\u00e9curit\u00e9<\/strong><\/p>\n<p class=\"p1\" style=\"text-align: left;\">L\u2019Acad\u00e9mie Nour veille constamment \u00e0 prot\u00e9ger les renseignements personnels. Les mesures de s\u00e9curit\u00e9 en place comprennent notamment :<\/p>\n<ul>\n<li class=\"p1\" style=\"text-align: left;\">des mesures de s\u00e9curit\u00e9 physique telles que des classeurs verrouill\u00e9s et des acc\u00e8s aux locaux restreints aux personnes concern\u00e9es seulement;<\/li>\n<li class=\"p1\" style=\"text-align: left;\">des mesures de s\u00e9curit\u00e9 technologique telles que l\u2019utilisation de mots de passe chang\u00e9s r\u00e9guli\u00e8rement, la reconnaissance multifactorielle, l\u2019exploitation d\u2019un syst\u00e8me de pare\u2013feu, l\u2019utilisation de logiciel mis \u00e0 jour quotidiennement pour rep\u00e9rer les virus, l\u2019usurpation d\u2019identit\u00e9, l\u2019acc\u00e8s par des personnes non autoris\u00e9es et les utilisations malveillantes, la transmission de donn\u00e9es \u00e0 partir de plateformes s\u00e9curitaires, les sauvegardes quotidiennes du syst\u00e8me via un r\u00e9seau interne ind\u00e9pendant, les r\u00e9seaux isol\u00e9s en fonction des besoins de la personne qui l\u2019utilise;<\/li>\n<li class=\"p1\" style=\"text-align: left;\">des mesures de s\u00e9curit\u00e9 administrative telles que les renseignements limit\u00e9s selon la pertinence de conna\u00eetre l\u2019information ainsi qu\u2019un contr\u00f4le des acc\u00e8s r\u00e9duits dans le syst\u00e8me d\u2019exploitation, la destruction des documents de fa\u00e7on appropri\u00e9e conform\u00e9ment aux directives \u00e9tablies par Loi sur la Biblioth\u00e8que et les Archives du Canada, la formation du personnel des technologies de l\u2019information afin de garantir la protection la plus \u00e0 jour possible, un partenariat avec une firme externe pour valider que le syst\u00e8me d\u2019exploitation est bien s\u00e9curitaire, les rappels verbaux et \u00e9crits concernant l\u2019importance de s\u2019assurer de la protection des renseignements confidentiels, etc.<\/li>\n<\/ul>\n<p class=\"p1\" style=\"text-align: left;\"><strong>Acc\u00e8s, rectification, question ou plainte<\/strong><\/p>\n<p class=\"p1\" style=\"text-align: left;\">Vous pouvez consulter ou rectifier vos renseignements personnels en tout temps. Pour toute question, pr\u00e9occupation ou plainte, nous vous demandons de communiquer par \u00e9crit avec la responsable :<\/p>\n<p class=\"p1\" style=\"text-align: left;\">Renseignements personnels \/ M Wissam Moussa<\/p>\n<p class=\"p1\" style=\"text-align: left;\">Acad\u00e9mie Nour<\/p>\n<p class=\"p1\" style=\"text-align: left;\">12190, ave Brunet<\/p>\n<p class=\"p1\" style=\"text-align: left;\">Montr\u00e9al-Nord (Qu\u00e9bec) H1G 5H2<\/p>\n<p class=\"p1\" style=\"text-align: left;\">Courriel <a href=\"mailto:admin@academienour.ca\">admin@academienour.ca<\/a><\/p>\n<p style=\"text-align: left;\"><strong><span style=\"color: #18254d;\">Derni\u00e8re mise \u00e0 jour: 2025-04-12<\/span><\/strong><\/p>\n<\/div>\n\r\n\t\t\t<\/div>\r\n\t\t\t<style>@media screen and (max-width: 1023px) {.thegem-vc-text.thegem-custom-69fde5a108a194190{display: block!important;}}@media screen and (max-width: 767px) {.thegem-vc-text.thegem-custom-69fde5a108a194190{display: block!important;}}@media screen and (max-width: 1023px) {.thegem-vc-text.thegem-custom-69fde5a108a194190{position: relative !important;}}@media screen and (max-width: 767px) {.thegem-vc-text.thegem-custom-69fde5a108a194190{position: relative !important;}}<\/style>\r\n\t\t<\/div>\r\n\t\r\n<div class=\"clearboth\"><\/div><style>#thegem-divider-69fde5a108e44 {margin-top: 83px !important;}<\/style><div id=\"thegem-divider-69fde5a108e44\" class=\"gem-divider\" style=\"\" ><\/div><\/div><\/div><\/div><\/div><div class=\"vc_row-full-width vc_clearfix\"><\/div>\n<\/div>","protected":false},"excerpt":{"rendered":"","protected":false},"author":1,"featured_media":0,"parent":0,"menu_order":9,"comment_status":"closed","ping_status":"closed","template":"","meta":{"footnotes":""},"class_list":["post-24958","page","type-page","status-publish"],"_links":{"self":[{"href":"https:\/\/academienour.org\/fr\/wp-json\/wp\/v2\/pages\/24958","targetHints":{"allow":["GET"]}}],"collection":[{"href":"https:\/\/academienour.org\/fr\/wp-json\/wp\/v2\/pages"}],"about":[{"href":"https:\/\/academienour.org\/fr\/wp-json\/wp\/v2\/types\/page"}],"author":[{"embeddable":true,"href":"https:\/\/academienour.org\/fr\/wp-json\/wp\/v2\/users\/1"}],"replies":[{"embeddable":true,"href":"https:\/\/academienour.org\/fr\/wp-json\/wp\/v2\/comments?post=24958"}],"version-history":[{"count":10,"href":"https:\/\/academienour.org\/fr\/wp-json\/wp\/v2\/pages\/24958\/revisions"}],"predecessor-version":[{"id":25984,"href":"https:\/\/academienour.org\/fr\/wp-json\/wp\/v2\/pages\/24958\/revisions\/25984"}],"wp:attachment":[{"href":"https:\/\/academienour.org\/fr\/wp-json\/wp\/v2\/media?parent=24958"}],"curies":[{"name":"wp","href":"https:\/\/api.w.org\/{rel}","templated":true}]}}