{"id":12807,"date":"2016-03-16T07:23:21","date_gmt":"2016-03-16T11:23:21","guid":{"rendered":"http:\/\/democontent.codex-themes.com\/thegem-charity\/?page_id=12807"},"modified":"2024-12-16T17:03:21","modified_gmt":"2024-12-16T22:03:21","slug":"contact-us","status":"publish","type":"page","link":"https:\/\/academienour.org\/fr\/contact-us\/","title":{"rendered":"Contactez-nous"},"content":{"rendered":"<div class=\"wpb-content-wrapper\"><div class=\"vc_row-full-width-before\"><\/div><div id=\"vc_row-69fde5e67054e\" data-vc-full-width=\"true\" data-vc-full-width-init=\"false\" data-vc-stretch-content=\"true\" class=\"vc_row wpb_row vc_row-fluid vc_custom_1689232477699 thegem-custom-69fde5e6705323771 vc_row-has-fill vc_row-o-full-height vc_row-o-columns-middle thegem-fix-full-height vc_row-o-equal-height vc_row-flex vc_row_thegem-ken-burns\"><div class=\"thegem-ken-burns-bg thegem-ken-burns-zoom-out\" style=\"animation-duration: 20000ms; background-image: url(https:\/\/academienour.org\/wp-content\/uploads\/2023\/07\/Academie-Nour-academienour-montreal-5.jpg)\"><\/div><script type=\"text\/javascript\">fullHeightRow();<\/script><script type=\"text\/javascript\">if (typeof(gem_fix_fullwidth_position) == \"function\") { gem_fix_fullwidth_position(document.getElementById(\"vc_row-69fde5e67054e\")); }<\/script><div class=\"wpb_column vc_column_container vc_col-sm-12 thegem-custom-69fde5e670f827916\" ><div class=\"vc_column-inner thegem-custom-inner-69fde5e670f84\"><div class=\"wpb_wrapper thegem-custom-69fde5e670f827916\"><div class=\"centered-box\"><div class=\"gem-icon gem-icon-pack-material gem-icon-size-xlarge angle-90deg gem-icon-shape-square gem-simple-icon\"  style=\"opacity: 1;\"><div class=\"gem-icon-inner\" style=\"\"><span class=\"gem-icon-half-1\" style=\"color: #ffffff;\"><span class=\"back-angle\">&#xf24e;<\/span><\/span><span class=\"gem-icon-half-2\" style=\"color: #fbb040;\"><span class=\"back-angle\">&#xf24e;<\/span><\/span><\/div><\/div><\/div><div class=\"clearboth\"><\/div><style>#thegem-divider-69fde5e6711df {margin-top: 26px !important;}<\/style><div id=\"thegem-divider-69fde5e6711df\" class=\"gem-divider\" style=\"\" ><\/div>\r\n\t\r\n\t\t<div class=\"wpb_text_column wpb_content_element  thegem-vc-text thegem-custom-69fde5e6713006946\"  >\r\n\t\t\t<div class=\"wpb_wrapper\">\r\n\t\t\t\t<div class=\"title-xlarge\" style=\"text-align: center;\"><span style=\"color: #ffffff;\">CONTACTEZ-NOUS<\/span><\/div>\n\r\n\t\t\t<\/div>\r\n\t\t\t<style>@media screen and (max-width: 1023px) {.thegem-vc-text.thegem-custom-69fde5e6713006946{display: block!important;}}@media screen and (max-width: 767px) {.thegem-vc-text.thegem-custom-69fde5e6713006946{display: block!important;}}@media screen and (max-width: 1023px) {.thegem-vc-text.thegem-custom-69fde5e6713006946{position: relative !important;}}@media screen and (max-width: 767px) {.thegem-vc-text.thegem-custom-69fde5e6713006946{position: relative !important;}}<\/style>\r\n\t\t<\/div>\r\n\t\r\n<div class=\"clearboth\"><\/div><style>#thegem-divider-69fde5e6713ad {margin-top: 50px !important;}<\/style><div id=\"thegem-divider-69fde5e6713ad\" class=\"gem-divider\" style=\"\" ><\/div>\r\n\t\r\n\t\t<div class=\"wpb_text_column wpb_content_element  thegem-vc-text thegem-custom-69fde5e6714536041\"  >\r\n\t\t\t<div class=\"wpb_wrapper\">\r\n\t\t\t\t<div class=\"styled-subtitle\" style=\"text-align: center; max-width: 1030px; margin: 0 auto;\"><span style=\"color: #fbb040;\">Nous sommes l\u00e0 pour r\u00e9pondre \u00e0 vos questions et vous fournir les informations dont vous avez besoin.<\/span><\/div>\n\r\n\t\t\t<\/div>\r\n\t\t\t<style>@media screen and (max-width: 1023px) {.thegem-vc-text.thegem-custom-69fde5e6714536041{display: block!important;}}@media screen and (max-width: 767px) {.thegem-vc-text.thegem-custom-69fde5e6714536041{display: block!important;}}@media screen and (max-width: 1023px) {.thegem-vc-text.thegem-custom-69fde5e6714536041{position: relative !important;}}@media screen and (max-width: 767px) {.thegem-vc-text.thegem-custom-69fde5e6714536041{position: relative !important;}}<\/style>\r\n\t\t<\/div>\r\n\t\r\n<div class=\"clearboth\"><\/div><style>#thegem-divider-69fde5e671500 {margin-top: -75px !important;}<\/style><div id=\"thegem-divider-69fde5e671500\" class=\"gem-divider\" style=\"\" ><\/div><\/div><\/div><\/div><\/div><div class=\"vc_row-full-width vc_clearfix\"><\/div><div id=\"vc_row-69fde5e6716f3\" class=\"vc_row wpb_row vc_row-fluid vc_custom_1461336070525 thegem-custom-69fde5e6716e24142\"><div class=\"wpb_column vc_column_container vc_col-sm-12 thegem-custom-69fde5e6718a78258\" ><div class=\"vc_column-inner thegem-custom-inner-69fde5e6718a9 vc_custom_1461336062606\"><div class=\"wpb_wrapper thegem-custom-69fde5e6718a78258\"><div id=\"fullwidth-block-69fde5e671954\" class=\"fullwidth-block clearfix\"  style=\"padding-top: 30px;padding-bottom: 30px;\"><script type=\"text\/javascript\">if (typeof(gem_fix_fullwidth_position) == \"function\") { gem_fix_fullwidth_position(document.getElementById(\"fullwidth-block-69fde5e671954\")); }<\/script><div class=\"fullwidth-block-inner\"><div class=\"container\"><div class=\"clearboth\"><\/div><style>#thegem-divider-69fde5e671996 {margin-top: 40px !important;}<\/style><div id=\"thegem-divider-69fde5e671996\" class=\"gem-divider\" style=\"\" ><\/div>\r\n\t\r\n\t\t<div class=\"wpb_text_column wpb_content_element  thegem-vc-text thegem-custom-69fde5e671a453060\"  >\r\n\t\t\t<div class=\"wpb_wrapper\">\r\n\t\t\t\t<div class=\"title-h2\" style=\"text-align: center;\"><span style=\"color: #18254d;\">REJOINDRE NOTRE \u00c9QUIPE<\/span><\/div>\n\r\n\t\t\t<\/div>\r\n\t\t\t<style>@media screen and (max-width: 1023px) {.thegem-vc-text.thegem-custom-69fde5e671a453060{display: block!important;}}@media screen and (max-width: 767px) {.thegem-vc-text.thegem-custom-69fde5e671a453060{display: block!important;}}@media screen and (max-width: 1023px) {.thegem-vc-text.thegem-custom-69fde5e671a453060{position: relative !important;}}@media screen and (max-width: 767px) {.thegem-vc-text.thegem-custom-69fde5e671a453060{position: relative !important;}}<\/style>\r\n\t\t<\/div>\r\n\t\r\n<div class=\"clearboth\"><\/div><style>#thegem-divider-69fde5e671ad7 {margin-top: 30px !important;}<\/style><div id=\"thegem-divider-69fde5e671ad7\" class=\"gem-divider\" style=\"\" ><\/div>\r\n\t\r\n\t\t<div class=\"wpb_text_column wpb_content_element  thegem-vc-text thegem-custom-69fde5e671b8d8723\"  >\r\n\t\t\t<div class=\"wpb_wrapper\">\r\n\t\t\t\t<div class=\"styled-subtitle\" style=\"text-align: center;\"><span style=\"color: #000000;\">Notre \u00e9quipe d\u00e9vou\u00e9e \u00e0 l'Acad\u00e9mie Nour est pr\u00eate \u00e0 vous assister et \u00e0 vous aider \u00e0 prendre une d\u00e9cision \u00e9clair\u00e9e au sujet de votre \u00e9ducation. N'h\u00e9sitez pas, appelez-nous d\u00e8s aujourd'hui et faites le premier pas vers un parcours \u00e9ducatif enrichissant !\u00a0<\/span><\/div>\n\r\n\t\t\t<\/div>\r\n\t\t\t<style>@media screen and (max-width: 1023px) {.thegem-vc-text.thegem-custom-69fde5e671b8d8723{display: block!important;}}@media screen and (max-width: 767px) {.thegem-vc-text.thegem-custom-69fde5e671b8d8723{display: block!important;}}@media screen and (max-width: 1023px) {.thegem-vc-text.thegem-custom-69fde5e671b8d8723{position: relative !important;}}@media screen and (max-width: 767px) {.thegem-vc-text.thegem-custom-69fde5e671b8d8723{position: relative !important;}}<\/style>\r\n\t\t<\/div>\r\n\t\r\n<div class=\"clearboth\"><\/div><style>#thegem-divider-69fde5e671c1b {margin-top: 60px !important;}<\/style><div id=\"thegem-divider-69fde5e671c1b\" class=\"gem-divider\" style=\"\" ><\/div><style type=\"text\/css\">.thegem-button-69fde5e67ae392635 .gem-button svg {fill: #ffffff;}.thegem-button-69fde5e67ae392635 .gem-button:hover svg {fill: #ffffff;}<\/style><div class=\"gem-button-container gem-button-position-center thegem-button-69fde5e67ae392635\"  ><a class=\"gem-button gem-button-size-small gem-button-style-flat gem-button-text-weight-normal\" data-ll-effect=\"drop-right-without-wrap\" style=\"border-radius: 3px;background-color: #fbb040;color: #ffffff;\" onmouseleave=\"this.style.backgroundColor='#fbb040';this.style.color='#ffffff';\" onmouseenter=\"this.style.backgroundColor='#18254d';this.style.color='#ffffff';\" href=\"tel:+15143294444\" target=\"_self\">Appelez-nous 514-329-4444<\/a><\/div> <\/div><\/div><\/div><\/div><\/div><\/div><\/div><div id=\"vc_row-69fde5e67b2dc\" class=\"vc_row wpb_row vc_row-fluid thegem-custom-69fde5e67b2c46493\"><div class=\"wpb_column vc_column_container vc_col-sm-12 thegem-custom-69fde5e67b5cd4843\" ><div class=\"vc_column-inner thegem-custom-inner-69fde5e67b5d0\"><div class=\"wpb_wrapper thegem-custom-69fde5e67b5cd4843\"><div class=\"clearboth\"><\/div><style>#thegem-divider-69fde5e67b6d1 {margin-top: 30px !important;}<\/style><div id=\"thegem-divider-69fde5e67b6d1\" class=\"gem-divider\" style=\"\" ><\/div>\r\n\t\r\n\t\t<div class=\"wpb_text_column wpb_content_element  thegem-vc-text thegem-custom-69fde5e67b7fe6451\"  >\r\n\t\t\t<div class=\"wpb_wrapper\">\r\n\t\t\t\t<div class=\"title-h2\" style=\"text-align: center;\"><span style=\"color: #18254d;\">Visitez notre \u00e9cole<\/span><\/div>\n\r\n\t\t\t<\/div>\r\n\t\t\t<style>@media screen and (max-width: 1023px) {.thegem-vc-text.thegem-custom-69fde5e67b7fe6451{display: block!important;}}@media screen and (max-width: 767px) {.thegem-vc-text.thegem-custom-69fde5e67b7fe6451{display: block!important;}}@media screen and (max-width: 1023px) {.thegem-vc-text.thegem-custom-69fde5e67b7fe6451{position: relative !important;}}@media screen and (max-width: 767px) {.thegem-vc-text.thegem-custom-69fde5e67b7fe6451{position: relative !important;}}<\/style>\r\n\t\t<\/div>\r\n\t\r\n<div class=\"clearboth\"><\/div><style>#thegem-divider-69fde5e67b93a {margin-top: 30px !important;}<\/style><div id=\"thegem-divider-69fde5e67b93a\" class=\"gem-divider\" style=\"\" ><\/div>\r\n<div class=\"wpb_gmaps_widget wpb_content_element\">\r\n\t\t<div class=\"wpb_wrapper\">\r\n\t\t<div class=\"wpb_map_wraper\">\r\n\t\t\t<iframe src=\"https:\/\/www.google.com\/maps\/embed?pb=!1m18!1m12!1m3!1d2791.049325968703!2d-73.63865082329106!3d45.60965272372148!2m3!1f0!2f0!3f0!3m2!1i1024!2i768!4f13.1!3m3!1m2!1s0x4cc91f5f90f01ac1%3A0xeb0bc52e80a386d0!2sAcad%C3%A9mie%20Nour!5e0!3m2!1sen!2sca!4v1722488392425!5m2!1sen!2sca\" width=\"600\" height=\"480\" style=\"border:0;\" allowfullscreen=\"\" loading=\"lazy\" referrerpolicy=\"no-referrer-when-downgrade\"><\/iframe>\t\t<\/div>\r\n\t<\/div>\r\n<\/div>\r\n<div class=\"clearboth\"><\/div><style>#thegem-divider-69fde5e67bb44 {margin-top: 30px !important;}<\/style><div id=\"thegem-divider-69fde5e67bb44\" class=\"gem-divider\" style=\"\" ><\/div><\/div><\/div><\/div><\/div><div id=\"contact-social\" class=\"vc_row wpb_row vc_row-fluid vc_custom_1689059008337 thegem-custom-69fde5e67be725104\"><div class=\"wpb_column vc_column_container vc_col-sm-12 thegem-custom-69fde5e67c14c8665\" ><div class=\"vc_column-inner thegem-custom-inner-69fde5e67c14f vc_custom_1461336118881\"><div class=\"wpb_wrapper thegem-custom-69fde5e67c14c8665\"><div id=\"fullwidth-block-69fde5e67c715\" class=\"fullwidth-block fullwidth-block-parallax-vertical clearfix\" data-mobile-parallax-enable=\"0\" style=\"padding-top: 90px;padding-bottom: 100px;\"><script type=\"text\/javascript\">if (typeof(gem_fix_fullwidth_position) == \"function\") { gem_fix_fullwidth_position(document.getElementById(\"fullwidth-block-69fde5e67c715\")); }<\/script><div class=\"fullwidth-block-background\" style=\"background-image: url(https:\/\/academienour.org\/wp-content\/uploads\/2024\/08\/Academie-Nour-academienour-montreal-7.jpg);background-repeat: no-repeat; background-size: cover;background-position: center top;\"><\/div><div class=\"fullwidth-block-inner\"><div class=\"container\">\r\n\t\r\n\t\t<div class=\"wpb_text_column wpb_content_element  thegem-vc-text thegem-custom-69fde5e67c8853233\"  >\r\n\t\t\t<div class=\"wpb_wrapper\">\r\n\t\t\t\t<div class=\"title-h2\" style=\"text-align: center;\"><span style=\"color: #ffffff;\">Suivez-nous<\/span><\/div>\n\r\n\t\t\t<\/div>\r\n\t\t\t<style>@media screen and (max-width: 1023px) {.thegem-vc-text.thegem-custom-69fde5e67c8853233{display: block!important;}}@media screen and (max-width: 767px) {.thegem-vc-text.thegem-custom-69fde5e67c8853233{display: block!important;}}@media screen and (max-width: 1023px) {.thegem-vc-text.thegem-custom-69fde5e67c8853233{position: relative !important;}}@media screen and (max-width: 767px) {.thegem-vc-text.thegem-custom-69fde5e67c8853233{position: relative !important;}}<\/style>\r\n\t\t<\/div>\r\n\t\r\n<div class=\"clearboth\"><\/div><style>#thegem-divider-69fde5e67c990 {margin-top: 30px !important;}<\/style><div id=\"thegem-divider-69fde5e67c990\" class=\"gem-divider\" style=\"\" ><\/div>\r\n\t\r\n\t\t<div class=\"wpb_text_column wpb_content_element  thegem-vc-text thegem-custom-69fde5e67ca8d1583\"  >\r\n\t\t\t<div class=\"wpb_wrapper\">\r\n\t\t\t\t<div class=\"styled-subtitle\" style=\"text-align: center;\"><span style=\"color: #ffffff;\">Restez en contact avec nous et faites partie de notre communaut\u00e9 scolaire dynamique en nous suivant sur les m\u00e9dias sociaux. Obtenez les derni\u00e8res mises \u00e0 jour, les nouvelles, les \u00e9v\u00e9nements et des aper\u00e7us de notre vie scolaire quotidienne. Rejoignez nos plateformes en ligne et participez \u00e0 la conversation !<\/span><\/div>\n\r\n\t\t\t<\/div>\r\n\t\t\t<style>@media screen and (max-width: 1023px) {.thegem-vc-text.thegem-custom-69fde5e67ca8d1583{display: block!important;}}@media screen and (max-width: 767px) {.thegem-vc-text.thegem-custom-69fde5e67ca8d1583{display: block!important;}}@media screen and (max-width: 1023px) {.thegem-vc-text.thegem-custom-69fde5e67ca8d1583{position: relative !important;}}@media screen and (max-width: 767px) {.thegem-vc-text.thegem-custom-69fde5e67ca8d1583{position: relative !important;}}<\/style>\r\n\t\t<\/div>\r\n\t\r\n<div class=\"clearboth\"><\/div><style>#thegem-divider-69fde5e67cb7a {margin-top: 40px !important;}<\/style><div id=\"thegem-divider-69fde5e67cb7a\" class=\"gem-divider\" style=\"\" ><\/div><div class=\"socials socials-list socials-colored-hover socials-default socials-alignment-center\"><a class=\"socials-item\" target=\"_blank\" href=\"https:\/\/www.facebook.com\/l.academieNour\/\" style=\"color: #fbb040;\" aria-label=\"facebook\"><i class=\"socials-item-icon facebook\" style=\"font-size: 30px\"><\/i><\/a><a class=\"socials-item\" target=\"_blank\" href=\"https:\/\/www.linkedin.com\/company\/acad%C3%A9mie-nour\/\" style=\"color: #fbb040;\" aria-label=\"linkedin\"><i class=\"socials-item-icon linkedin\" style=\"font-size: 30px\"><\/i><\/a><a class=\"socials-item\" target=\"_blank\" href=\"https:\/\/www.instagram.com\/academie.nour.mtl\/\" style=\"color: #fbb040;\" aria-label=\"instagram\"><i class=\"socials-item-icon instagram\" style=\"font-size: 30px\"><\/i><\/a><a class=\"socials-item\" target=\"_blank\" href=\"https:\/\/www.youtube.com\/channel\/UCI0NkbEeS_SCtMsw13I6eMA\" style=\"color: #fbb040;\" aria-label=\"youtube\"><i class=\"socials-item-icon youtube\" style=\"font-size: 30px\"><\/i><\/a><a class=\"socials-item\" target=\"_blank\" href=\"https:\/\/www.tiktok.com\/@academie.nour\" style=\"color: #fbb040;\" aria-label=\"tiktok\"><i class=\"socials-item-icon tiktok\" style=\"font-size: 30px\"><\/i><\/a><\/div><div class=\"clearboth\"><\/div><style>#thegem-divider-69fde5e67cc1b {margin-top: 70px !important;}<\/style><div id=\"thegem-divider-69fde5e67cc1b\" class=\"gem-divider\" style=\"\" ><\/div><\/div><\/div><\/div><\/div><\/div><\/div><\/div>\n<\/div>","protected":false},"excerpt":{"rendered":"","protected":false},"author":1,"featured_media":0,"parent":0,"menu_order":6,"comment_status":"closed","ping_status":"closed","template":"","meta":{"footnotes":""},"class_list":["post-12807","page","type-page","status-publish"],"_links":{"self":[{"href":"https:\/\/academienour.org\/fr\/wp-json\/wp\/v2\/pages\/12807","targetHints":{"allow":["GET"]}}],"collection":[{"href":"https:\/\/academienour.org\/fr\/wp-json\/wp\/v2\/pages"}],"about":[{"href":"https:\/\/academienour.org\/fr\/wp-json\/wp\/v2\/types\/page"}],"author":[{"embeddable":true,"href":"https:\/\/academienour.org\/fr\/wp-json\/wp\/v2\/users\/1"}],"replies":[{"embeddable":true,"href":"https:\/\/academienour.org\/fr\/wp-json\/wp\/v2\/comments?post=12807"}],"version-history":[{"count":23,"href":"https:\/\/academienour.org\/fr\/wp-json\/wp\/v2\/pages\/12807\/revisions"}],"predecessor-version":[{"id":25787,"href":"https:\/\/academienour.org\/fr\/wp-json\/wp\/v2\/pages\/12807\/revisions\/25787"}],"wp:attachment":[{"href":"https:\/\/academienour.org\/fr\/wp-json\/wp\/v2\/media?parent=12807"}],"curies":[{"name":"wp","href":"https:\/\/api.w.org\/{rel}","templated":true}]}}